{"id":2126,"date":"2021-08-21T08:37:17","date_gmt":"2021-08-21T06:37:17","guid":{"rendered":"https:\/\/wolfmond-production.de\/shop\/?post_type=product&#038;p=2126"},"modified":"2026-02-14T12:11:26","modified_gmt":"2026-02-14T11:11:26","slug":"hagalaz-logo-shirt","status":"publish","type":"product","link":"https:\/\/wolfmond-production.de\/shop\/produkt\/hagalaz-logo-shirt\/","title":{"rendered":"Hagalaz Logo Shirt"},"content":{"rendered":"<p><img data-recalc-dims=\"1\" fetchpriority=\"high\" decoding=\"async\" class=\"alignnone size-medium wp-image-2125\" src=\"https:\/\/i0.wp.com\/wolfmond-production.de\/shop\/wp-content\/uploads\/shop_media\/merch\/Hagalaz-Shirt.jpg?resize=300%2C225&#038;ssl=1\" alt=\"\" width=\"300\" height=\"225\" srcset=\"https:\/\/i0.wp.com\/wolfmond-production.de\/shop\/wp-content\/uploads\/shop_media\/merch\/Hagalaz-Shirt.jpg?resize=300%2C225&amp;ssl=1 300w, https:\/\/i0.wp.com\/wolfmond-production.de\/shop\/wp-content\/uploads\/shop_media\/merch\/Hagalaz-Shirt.jpg?resize=210%2C158&amp;ssl=1 210w, https:\/\/i0.wp.com\/wolfmond-production.de\/shop\/wp-content\/uploads\/shop_media\/merch\/Hagalaz-Shirt.jpg?w=400&amp;ssl=1 400w\" sizes=\"(max-width: 300px) 100vw, 300px\" \/><\/p>\n","protected":false},"excerpt":{"rendered":"<p>Gildan HC<\/p>\n","protected":false},"featured_media":2125,"comment_status":"open","ping_status":"closed","template":"","meta":{"_uf_show_specific_survey":0,"_uf_disable_surveys":false,"jetpack_post_was_ever_published":false,"jetpack_publicize_message":"","jetpack_publicize_feature_enabled":true,"jetpack_social_post_already_shared":false,"jetpack_social_options":{"image_generator_settings":{"template":"highway","default_image_id":0,"font":"","enabled":false},"version":2}},"product_brand":[],"product_cat":[21,20],"product_tag":[],"class_list":{"0":"post-2126","1":"product","2":"type-product","3":"status-publish","4":"has-post-thumbnail","6":"product_cat-shirts","7":"product_cat-wp-release","8":"pa_groesse-l","9":"pa_groesse-m","10":"pa_groesse-s","11":"pa_groesse-xl","12":"pa_groesse-xxl","14":"first","15":"instock","16":"shipping-taxable","17":"purchasable","18":"product-type-variable"},"aioseo_notices":[],"jetpack_publicize_connections":[],"jetpack-related-posts":[{"id":5618,"url":"https:\/\/wolfmond-production.de\/shop\/produkt\/decibel-rebels-logo-shirt\/","url_meta":{"origin":2126,"position":0},"title":"Decibel Rebels Logo Shirt","author":"F4uSR_285","date":"10. Juni 2024","format":false,"excerpt":"Blackened Thrash\/Speed Metal From Germany Brand: GILDAN HC https:\/\/www.youtube.com\/watch?v=jzResfjbkXU&t=15s","rel":"","context":"\u00c4hnlicher Beitrag","block_context":{"text":"\u00c4hnlicher Beitrag","link":""},"img":{"alt_text":"","src":"https:\/\/i0.wp.com\/wolfmond-production.de\/shop\/wp-content\/uploads\/2024\/06\/Flyer-shirt-scaled.jpg?fit=1200%2C980&ssl=1&resize=350%2C200","width":350,"height":200,"srcset":"https:\/\/i0.wp.com\/wolfmond-production.de\/shop\/wp-content\/uploads\/2024\/06\/Flyer-shirt-scaled.jpg?fit=1200%2C980&ssl=1&resize=350%2C200 1x, https:\/\/i0.wp.com\/wolfmond-production.de\/shop\/wp-content\/uploads\/2024\/06\/Flyer-shirt-scaled.jpg?fit=1200%2C980&ssl=1&resize=525%2C300 1.5x, https:\/\/i0.wp.com\/wolfmond-production.de\/shop\/wp-content\/uploads\/2024\/06\/Flyer-shirt-scaled.jpg?fit=1200%2C980&ssl=1&resize=700%2C400 2x, https:\/\/i0.wp.com\/wolfmond-production.de\/shop\/wp-content\/uploads\/2024\/06\/Flyer-shirt-scaled.jpg?fit=1200%2C980&ssl=1&resize=1050%2C600 3x"},"classes":[]},{"id":2155,"url":"https:\/\/wolfmond-production.de\/shop\/produkt\/draugul-shirt-men\/","url_meta":{"origin":2126,"position":1},"title":"Draug\u00fbl Shirt (Men)","author":"F4uSR_285","date":"21. August 2021","format":false,"excerpt":"Gildan HC","rel":"","context":"\u00c4hnlicher Beitrag","block_context":{"text":"\u00c4hnlicher Beitrag","link":""},"img":{"alt_text":"","src":"https:\/\/i0.wp.com\/wolfmond-production.de\/shop\/wp-content\/uploads\/shop_media\/merch\/shirt.jpg?fit=500%2C600&ssl=1&resize=350%2C200","width":350,"height":200},"classes":[]},{"id":2162,"url":"https:\/\/wolfmond-production.de\/shop\/produkt\/draugul-shirt-woman\/","url_meta":{"origin":2126,"position":2},"title":"Draug\u00fbl Shirt (Woman)","author":"F4uSR_285","date":"21. August 2021","format":false,"excerpt":"Gildan HC","rel":"","context":"\u00c4hnlicher Beitrag","block_context":{"text":"\u00c4hnlicher Beitrag","link":""},"img":{"alt_text":"","src":"https:\/\/i0.wp.com\/wolfmond-production.de\/shop\/wp-content\/uploads\/shop_media\/merch\/shirt.jpg?fit=500%2C600&ssl=1&resize=350%2C200","width":350,"height":200},"classes":[]},{"id":2185,"url":"https:\/\/wolfmond-production.de\/shop\/produkt\/mordhel-shirt\/","url_meta":{"origin":2126,"position":3},"title":"Mordhell Shirt","author":"F4uSR_285","date":"21. August 2021","format":false,"excerpt":"Gildan HC \u00a0 https:\/\/www.youtube.com\/watch?v=q3el0OfdTyI","rel":"","context":"\u00c4hnlicher Beitrag","block_context":{"text":"\u00c4hnlicher Beitrag","link":""},"img":{"alt_text":"","src":"https:\/\/i0.wp.com\/wolfmond-production.de\/shop\/wp-content\/uploads\/2021\/08\/Mordhell-Shirt.jpg?fit=765%2C764&ssl=1&resize=350%2C200","width":350,"height":200,"srcset":"https:\/\/i0.wp.com\/wolfmond-production.de\/shop\/wp-content\/uploads\/2021\/08\/Mordhell-Shirt.jpg?fit=765%2C764&ssl=1&resize=350%2C200 1x, https:\/\/i0.wp.com\/wolfmond-production.de\/shop\/wp-content\/uploads\/2021\/08\/Mordhell-Shirt.jpg?fit=765%2C764&ssl=1&resize=525%2C300 1.5x, https:\/\/i0.wp.com\/wolfmond-production.de\/shop\/wp-content\/uploads\/2021\/08\/Mordhell-Shirt.jpg?fit=765%2C764&ssl=1&resize=700%2C400 2x"},"classes":[]},{"id":891,"url":"https:\/\/wolfmond-production.de\/shop\/produkt\/transzendenz-shirt\/","url_meta":{"origin":2126,"position":4},"title":"Transzendenz Shirt","author":"F4uSR_285","date":"1. Juli 2021","format":false,"excerpt":"Material: Gildan HC \u00a0 https:\/\/www.youtube.com\/watch?v=RW2TbMkKWu0","rel":"","context":"\u00c4hnlicher Beitrag","block_context":{"text":"\u00c4hnlicher Beitrag","link":""},"img":{"alt_text":"","src":"https:\/\/i0.wp.com\/wolfmond-production.de\/shop\/wp-content\/uploads\/2021\/07\/Flyer-3.jpg?fit=1186%2C1013&ssl=1&resize=350%2C200","width":350,"height":200,"srcset":"https:\/\/i0.wp.com\/wolfmond-production.de\/shop\/wp-content\/uploads\/2021\/07\/Flyer-3.jpg?fit=1186%2C1013&ssl=1&resize=350%2C200 1x, https:\/\/i0.wp.com\/wolfmond-production.de\/shop\/wp-content\/uploads\/2021\/07\/Flyer-3.jpg?fit=1186%2C1013&ssl=1&resize=525%2C300 1.5x, https:\/\/i0.wp.com\/wolfmond-production.de\/shop\/wp-content\/uploads\/2021\/07\/Flyer-3.jpg?fit=1186%2C1013&ssl=1&resize=700%2C400 2x, https:\/\/i0.wp.com\/wolfmond-production.de\/shop\/wp-content\/uploads\/2021\/07\/Flyer-3.jpg?fit=1186%2C1013&ssl=1&resize=1050%2C600 3x"},"classes":[]},{"id":1019,"url":"https:\/\/wolfmond-production.de\/shop\/produkt\/wolfmond-production-labelshirt\/","url_meta":{"origin":2126,"position":5},"title":"Wolfmond Production Labelshirt","author":"F4uSR_285","date":"3. Juli 2021","format":false,"excerpt":"Gildan HC","rel":"","context":"\u00c4hnlicher Beitrag","block_context":{"text":"\u00c4hnlicher Beitrag","link":""},"img":{"alt_text":"","src":"https:\/\/i0.wp.com\/wolfmond-production.de\/shop\/wp-content\/uploads\/2021\/07\/Shirtflyer.jpg?fit=1200%2C750&ssl=1&resize=350%2C200","width":350,"height":200,"srcset":"https:\/\/i0.wp.com\/wolfmond-production.de\/shop\/wp-content\/uploads\/2021\/07\/Shirtflyer.jpg?fit=1200%2C750&ssl=1&resize=350%2C200 1x, https:\/\/i0.wp.com\/wolfmond-production.de\/shop\/wp-content\/uploads\/2021\/07\/Shirtflyer.jpg?fit=1200%2C750&ssl=1&resize=525%2C300 1.5x, https:\/\/i0.wp.com\/wolfmond-production.de\/shop\/wp-content\/uploads\/2021\/07\/Shirtflyer.jpg?fit=1200%2C750&ssl=1&resize=700%2C400 2x, https:\/\/i0.wp.com\/wolfmond-production.de\/shop\/wp-content\/uploads\/2021\/07\/Shirtflyer.jpg?fit=1200%2C750&ssl=1&resize=1050%2C600 3x"},"classes":[]}],"jetpack_sharing_enabled":true,"_links":{"self":[{"href":"https:\/\/wolfmond-production.de\/shop\/wp-json\/wp\/v2\/product\/2126","targetHints":{"allow":["GET"]}}],"collection":[{"href":"https:\/\/wolfmond-production.de\/shop\/wp-json\/wp\/v2\/product"}],"about":[{"href":"https:\/\/wolfmond-production.de\/shop\/wp-json\/wp\/v2\/types\/product"}],"replies":[{"embeddable":true,"href":"https:\/\/wolfmond-production.de\/shop\/wp-json\/wp\/v2\/comments?post=2126"}],"version-history":[{"count":0,"href":"https:\/\/wolfmond-production.de\/shop\/wp-json\/wp\/v2\/product\/2126\/revisions"}],"wp:featuredmedia":[{"embeddable":true,"href":"https:\/\/wolfmond-production.de\/shop\/wp-json\/wp\/v2\/media\/2125"}],"wp:attachment":[{"href":"https:\/\/wolfmond-production.de\/shop\/wp-json\/wp\/v2\/media?parent=2126"}],"wp:term":[{"taxonomy":"product_brand","embeddable":true,"href":"https:\/\/wolfmond-production.de\/shop\/wp-json\/wp\/v2\/product_brand?post=2126"},{"taxonomy":"product_cat","embeddable":true,"href":"https:\/\/wolfmond-production.de\/shop\/wp-json\/wp\/v2\/product_cat?post=2126"},{"taxonomy":"product_tag","embeddable":true,"href":"https:\/\/wolfmond-production.de\/shop\/wp-json\/wp\/v2\/product_tag?post=2126"}],"curies":[{"name":"wp","href":"https:\/\/api.w.org\/{rel}","templated":true}]}}