{"id":2170,"date":"2021-08-21T09:06:18","date_gmt":"2021-08-21T07:06:18","guid":{"rendered":"https:\/\/wolfmond-production.de\/shop\/?post_type=product&#038;p=2170"},"modified":"2025-09-28T11:38:55","modified_gmt":"2025-09-28T09:38:55","slug":"die-schwarze-sonne-shirt","status":"publish","type":"product","link":"https:\/\/wolfmond-production.de\/shop\/produkt\/die-schwarze-sonne-shirt\/","title":{"rendered":"Die Schwarze Sonne Shirt"},"content":{"rendered":"<p><img data-recalc-dims=\"1\" fetchpriority=\"high\" decoding=\"async\" class=\"alignnone size-medium wp-image-2169\" src=\"https:\/\/i0.wp.com\/wolfmond-production.de\/shop\/wp-content\/uploads\/shop_media\/merch\/Die-Schwarze-Sonne-Shirt.jpg?resize=169%2C300&#038;ssl=1\" alt=\"\" width=\"169\" height=\"300\" srcset=\"https:\/\/i0.wp.com\/wolfmond-production.de\/shop\/wp-content\/uploads\/shop_media\/merch\/Die-Schwarze-Sonne-Shirt.jpg?resize=169%2C300&amp;ssl=1 169w, https:\/\/i0.wp.com\/wolfmond-production.de\/shop\/wp-content\/uploads\/shop_media\/merch\/Die-Schwarze-Sonne-Shirt.jpg?resize=576%2C1024&amp;ssl=1 576w, https:\/\/i0.wp.com\/wolfmond-production.de\/shop\/wp-content\/uploads\/shop_media\/merch\/Die-Schwarze-Sonne-Shirt.jpg?resize=768%2C1365&amp;ssl=1 768w, https:\/\/i0.wp.com\/wolfmond-production.de\/shop\/wp-content\/uploads\/shop_media\/merch\/Die-Schwarze-Sonne-Shirt.jpg?resize=864%2C1536&amp;ssl=1 864w, https:\/\/i0.wp.com\/wolfmond-production.de\/shop\/wp-content\/uploads\/shop_media\/merch\/Die-Schwarze-Sonne-Shirt.jpg?resize=1152%2C2048&amp;ssl=1 1152w, https:\/\/i0.wp.com\/wolfmond-production.de\/shop\/wp-content\/uploads\/shop_media\/merch\/Die-Schwarze-Sonne-Shirt.jpg?resize=118%2C210&amp;ssl=1 118w, https:\/\/i0.wp.com\/wolfmond-production.de\/shop\/wp-content\/uploads\/shop_media\/merch\/Die-Schwarze-Sonne-Shirt.jpg?resize=600%2C1067&amp;ssl=1 600w, https:\/\/i0.wp.com\/wolfmond-production.de\/shop\/wp-content\/uploads\/shop_media\/merch\/Die-Schwarze-Sonne-Shirt.jpg?w=1200&amp;ssl=1 1200w\" sizes=\"(max-width: 169px) 100vw, 169px\" \/><\/p>\n","protected":false},"excerpt":{"rendered":"","protected":false},"featured_media":2169,"comment_status":"open","ping_status":"closed","template":"","meta":{"_uf_show_specific_survey":0,"_uf_disable_surveys":false,"jetpack_post_was_ever_published":false,"jetpack_publicize_message":"","jetpack_publicize_feature_enabled":true,"jetpack_social_post_already_shared":false,"jetpack_social_options":{"image_generator_settings":{"template":"highway","default_image_id":0,"font":"","enabled":false},"version":2}},"product_brand":[],"product_cat":[21],"product_tag":[],"class_list":{"0":"post-2170","1":"product","2":"type-product","3":"status-publish","4":"has-post-thumbnail","6":"product_cat-shirts","7":"pa_groesse-l","8":"pa_groesse-m","9":"pa_groesse-s","10":"pa_groesse-xl","11":"pa_groesse-xxl","13":"first","14":"instock","15":"sale","16":"shipping-taxable","17":"purchasable","18":"product-type-variable"},"aioseo_notices":[],"jetpack_publicize_connections":[],"jetpack-related-posts":[{"id":2513,"url":"https:\/\/wolfmond-production.de\/shop\/produkt\/die-schwarze-sonne-patch\/","url_meta":{"origin":2170,"position":0},"title":"Die Schwarze Sonne Patch","author":"F4uSR_285","date":"18. September 2021","format":false,"excerpt":"Black Metal From Finland https:\/\/www.youtube.com\/watch?v=gufWEJy5IbE","rel":"","context":"\u00c4hnlicher Beitrag","block_context":{"text":"\u00c4hnlicher Beitrag","link":""},"img":{"alt_text":"","src":"https:\/\/i0.wp.com\/wolfmond-production.de\/shop\/wp-content\/uploads\/shop_media\/music\/Patches\/Die-Schwarze-Sonne-Patch.jpg?fit=1200%2C540&ssl=1&resize=350%2C200","width":350,"height":200,"srcset":"https:\/\/i0.wp.com\/wolfmond-production.de\/shop\/wp-content\/uploads\/shop_media\/music\/Patches\/Die-Schwarze-Sonne-Patch.jpg?fit=1200%2C540&ssl=1&resize=350%2C200 1x, https:\/\/i0.wp.com\/wolfmond-production.de\/shop\/wp-content\/uploads\/shop_media\/music\/Patches\/Die-Schwarze-Sonne-Patch.jpg?fit=1200%2C540&ssl=1&resize=525%2C300 1.5x, https:\/\/i0.wp.com\/wolfmond-production.de\/shop\/wp-content\/uploads\/shop_media\/music\/Patches\/Die-Schwarze-Sonne-Patch.jpg?fit=1200%2C540&ssl=1&resize=700%2C400 2x, https:\/\/i0.wp.com\/wolfmond-production.de\/shop\/wp-content\/uploads\/shop_media\/music\/Patches\/Die-Schwarze-Sonne-Patch.jpg?fit=1200%2C540&ssl=1&resize=1050%2C600 3x"},"classes":[]},{"id":2060,"url":"https:\/\/wolfmond-production.de\/shop\/produkt\/die-schwarze-sonne-der-untergang-des-menschen\/","url_meta":{"origin":2170,"position":1},"title":"Die Schwarze Sonne &#8211; Der Untergang des Menschen","author":"F4uSR_285","date":"13. August 2021","format":false,"excerpt":"Black Metal From Finland https:\/\/www.youtube.com\/watch?v=hh8GvmkfkLA","rel":"","context":"\u00c4hnlicher Beitrag","block_context":{"text":"\u00c4hnlicher Beitrag","link":""},"img":{"alt_text":"","src":"https:\/\/i0.wp.com\/wolfmond-production.de\/shop\/wp-content\/uploads\/shop_media\/music\/cd_lp\/Die-Schwarze-Sonne-Der-Untergang-des-Menschen.jpg?resize=350%2C200&ssl=1","width":350,"height":200},"classes":[]},{"id":4410,"url":"https:\/\/wolfmond-production.de\/shop\/produkt\/die-schwarze-sonne-das-letzte-licht\/","url_meta":{"origin":2170,"position":2},"title":"Die Schwarze Sonne &#8211; Das Letzte Licht (Remastered Tape)","author":"F4uSR_285","date":"6. August 2023","format":false,"excerpt":"Black Metal From Finland Tape Limited To 25 Copies Nordischer Nihilismus \u00dcber Alles \u00a0 https:\/\/www.youtube.com\/watch?v=3SqIVIdmmrg","rel":"","context":"\u00c4hnlicher Beitrag","block_context":{"text":"\u00c4hnlicher Beitrag","link":""},"img":{"alt_text":"","src":"https:\/\/i0.wp.com\/wolfmond-production.de\/shop\/wp-content\/uploads\/2023\/08\/BC.jpg?fit=1200%2C1181&ssl=1&resize=350%2C200","width":350,"height":200,"srcset":"https:\/\/i0.wp.com\/wolfmond-production.de\/shop\/wp-content\/uploads\/2023\/08\/BC.jpg?fit=1200%2C1181&ssl=1&resize=350%2C200 1x, https:\/\/i0.wp.com\/wolfmond-production.de\/shop\/wp-content\/uploads\/2023\/08\/BC.jpg?fit=1200%2C1181&ssl=1&resize=525%2C300 1.5x, https:\/\/i0.wp.com\/wolfmond-production.de\/shop\/wp-content\/uploads\/2023\/08\/BC.jpg?fit=1200%2C1181&ssl=1&resize=700%2C400 2x, https:\/\/i0.wp.com\/wolfmond-production.de\/shop\/wp-content\/uploads\/2023\/08\/BC.jpg?fit=1200%2C1181&ssl=1&resize=1050%2C600 3x"},"classes":[]},{"id":7938,"url":"https:\/\/wolfmond-production.de\/shop\/produkt\/die-schwarze-sone-sisaellae-vain-pimeaeae-tape\/","url_meta":{"origin":2170,"position":3},"title":"Die Schwarze Sonne &#8211; Sis\u00e4ll\u00e4 Vain Pime\u00e4\u00e4 (Tape)","author":"F4uSR_285","date":"21. September 2025","format":false,"excerpt":"Black Metal From\u00a0 FInland Limited Tape Edition https:\/\/www.youtube.com\/watch?v=P1XJ6E0ESi4","rel":"","context":"\u00c4hnlicher Beitrag","block_context":{"text":"\u00c4hnlicher Beitrag","link":""},"img":{"alt_text":"","src":"https:\/\/i0.wp.com\/wolfmond-production.de\/shop\/wp-content\/uploads\/2025\/09\/Die-Schwarze-Sone-Sisaellae-Vain-Pimeaeae-Tape.jpg?resize=350%2C200&ssl=1","width":350,"height":200},"classes":[]},{"id":4103,"url":"https:\/\/wolfmond-production.de\/shop\/produkt\/urfyr-shirt\/","url_meta":{"origin":2170,"position":4},"title":"Urfyr Shirt","author":"F4uSR_285","date":"26. Mai 2023","format":false,"excerpt":"","rel":"","context":"\u00c4hnlicher Beitrag","block_context":{"text":"\u00c4hnlicher Beitrag","link":""},"img":{"alt_text":"","src":"https:\/\/i0.wp.com\/wolfmond-production.de\/shop\/wp-content\/uploads\/2023\/05\/Urfyr-Shirt.jpg?resize=350%2C200&ssl=1","width":350,"height":200},"classes":[]},{"id":2134,"url":"https:\/\/wolfmond-production.de\/shop\/produkt\/hatul-shirt\/","url_meta":{"origin":2170,"position":5},"title":"Hatul Shirt","author":"F4uSR_285","date":"21. August 2021","format":false,"excerpt":"","rel":"","context":"\u00c4hnlicher Beitrag","block_context":{"text":"\u00c4hnlicher Beitrag","link":""},"img":{"alt_text":"","src":"https:\/\/i0.wp.com\/wolfmond-production.de\/shop\/wp-content\/uploads\/shop_media\/merch\/Hatul-shirt-scaled.jpg?fit=1200%2C719&ssl=1&resize=350%2C200","width":350,"height":200,"srcset":"https:\/\/i0.wp.com\/wolfmond-production.de\/shop\/wp-content\/uploads\/shop_media\/merch\/Hatul-shirt-scaled.jpg?fit=1200%2C719&ssl=1&resize=350%2C200 1x, https:\/\/i0.wp.com\/wolfmond-production.de\/shop\/wp-content\/uploads\/shop_media\/merch\/Hatul-shirt-scaled.jpg?fit=1200%2C719&ssl=1&resize=525%2C300 1.5x, https:\/\/i0.wp.com\/wolfmond-production.de\/shop\/wp-content\/uploads\/shop_media\/merch\/Hatul-shirt-scaled.jpg?fit=1200%2C719&ssl=1&resize=700%2C400 2x, https:\/\/i0.wp.com\/wolfmond-production.de\/shop\/wp-content\/uploads\/shop_media\/merch\/Hatul-shirt-scaled.jpg?fit=1200%2C719&ssl=1&resize=1050%2C600 3x"},"classes":[]}],"jetpack_sharing_enabled":true,"_links":{"self":[{"href":"https:\/\/wolfmond-production.de\/shop\/wp-json\/wp\/v2\/product\/2170","targetHints":{"allow":["GET"]}}],"collection":[{"href":"https:\/\/wolfmond-production.de\/shop\/wp-json\/wp\/v2\/product"}],"about":[{"href":"https:\/\/wolfmond-production.de\/shop\/wp-json\/wp\/v2\/types\/product"}],"replies":[{"embeddable":true,"href":"https:\/\/wolfmond-production.de\/shop\/wp-json\/wp\/v2\/comments?post=2170"}],"version-history":[{"count":0,"href":"https:\/\/wolfmond-production.de\/shop\/wp-json\/wp\/v2\/product\/2170\/revisions"}],"wp:featuredmedia":[{"embeddable":true,"href":"https:\/\/wolfmond-production.de\/shop\/wp-json\/wp\/v2\/media\/2169"}],"wp:attachment":[{"href":"https:\/\/wolfmond-production.de\/shop\/wp-json\/wp\/v2\/media?parent=2170"}],"wp:term":[{"taxonomy":"product_brand","embeddable":true,"href":"https:\/\/wolfmond-production.de\/shop\/wp-json\/wp\/v2\/product_brand?post=2170"},{"taxonomy":"product_cat","embeddable":true,"href":"https:\/\/wolfmond-production.de\/shop\/wp-json\/wp\/v2\/product_cat?post=2170"},{"taxonomy":"product_tag","embeddable":true,"href":"https:\/\/wolfmond-production.de\/shop\/wp-json\/wp\/v2\/product_tag?post=2170"}],"curies":[{"name":"wp","href":"https:\/\/api.w.org\/{rel}","templated":true}]}}