{"id":3673,"date":"2022-12-24T08:01:06","date_gmt":"2022-12-24T07:01:06","guid":{"rendered":"https:\/\/wolfmond-production.de\/shop\/?post_type=product&#038;p=3673"},"modified":"2025-04-27T20:38:18","modified_gmt":"2025-04-27T18:38:18","slug":"nuclear-storm-tales-from-the-depth","status":"publish","type":"product","link":"https:\/\/wolfmond-production.de\/shop\/produkt\/nuclear-storm-tales-from-the-depth\/","title":{"rendered":"Nuclear Storm &#8211; Tales from the depth (Tape)"},"content":{"rendered":"<p><img data-recalc-dims=\"1\" fetchpriority=\"high\" decoding=\"async\" class=\"alignnone size-medium wp-image-3674\" src=\"https:\/\/i0.wp.com\/wolfmond-production.de\/shop\/wp-content\/uploads\/2022\/12\/Flyer-neu-2.jpeg?resize=300%2C300&#038;ssl=1\" alt=\"\" width=\"300\" height=\"300\" srcset=\"https:\/\/i0.wp.com\/wolfmond-production.de\/shop\/wp-content\/uploads\/2022\/12\/Flyer-neu-2.jpeg?resize=300%2C300&amp;ssl=1 300w, https:\/\/i0.wp.com\/wolfmond-production.de\/shop\/wp-content\/uploads\/2022\/12\/Flyer-neu-2.jpeg?resize=1024%2C1024&amp;ssl=1 1024w, https:\/\/i0.wp.com\/wolfmond-production.de\/shop\/wp-content\/uploads\/2022\/12\/Flyer-neu-2.jpeg?resize=150%2C150&amp;ssl=1 150w, https:\/\/i0.wp.com\/wolfmond-production.de\/shop\/wp-content\/uploads\/2022\/12\/Flyer-neu-2.jpeg?resize=768%2C768&amp;ssl=1 768w, https:\/\/i0.wp.com\/wolfmond-production.de\/shop\/wp-content\/uploads\/2022\/12\/Flyer-neu-2.jpeg?resize=1536%2C1536&amp;ssl=1 1536w, https:\/\/i0.wp.com\/wolfmond-production.de\/shop\/wp-content\/uploads\/2022\/12\/Flyer-neu-2.jpeg?w=2048&amp;ssl=1 2048w, https:\/\/i0.wp.com\/wolfmond-production.de\/shop\/wp-content\/uploads\/2022\/12\/Flyer-neu-2.jpeg?resize=210%2C210&amp;ssl=1 210w, https:\/\/i0.wp.com\/wolfmond-production.de\/shop\/wp-content\/uploads\/2022\/12\/Flyer-neu-2.jpeg?resize=1960%2C1960&amp;ssl=1 1960w, https:\/\/i0.wp.com\/wolfmond-production.de\/shop\/wp-content\/uploads\/2022\/12\/Flyer-neu-2.jpeg?resize=600%2C600&amp;ssl=1 600w, https:\/\/i0.wp.com\/wolfmond-production.de\/shop\/wp-content\/uploads\/2022\/12\/Flyer-neu-2.jpeg?resize=100%2C100&amp;ssl=1 100w\" sizes=\"(max-width: 300px) 100vw, 300px\" \/><\/p>\n","protected":false},"excerpt":{"rendered":"<p>Melodic Death Metal with Black and Heavy Metal influence<\/p>\n<p>Tape Edition Limited To 100 Copies<\/p>\n<p>https:\/\/www.youtube.com\/watch?v=mBnZEBYBIII<\/p>\n","protected":false},"featured_media":3674,"comment_status":"open","ping_status":"closed","template":"","meta":{"_uf_show_specific_survey":0,"_uf_disable_surveys":false,"jetpack_post_was_ever_published":false,"jetpack_publicize_message":"","jetpack_publicize_feature_enabled":true,"jetpack_social_post_already_shared":true,"jetpack_social_options":{"image_generator_settings":{"template":"highway","default_image_id":0,"font":"","enabled":false},"version":2}},"product_brand":[],"product_cat":[26,20],"product_tag":[],"class_list":{"0":"post-3673","1":"product","2":"type-product","3":"status-publish","4":"has-post-thumbnail","6":"product_cat-tape","7":"product_cat-wp-release","9":"first","10":"instock","11":"shipping-taxable","12":"purchasable","13":"product-type-simple"},"aioseo_notices":[],"jetpack_publicize_connections":[],"jetpack-related-posts":[{"id":7938,"url":"https:\/\/wolfmond-production.de\/shop\/produkt\/die-schwarze-sone-sisaellae-vain-pimeaeae-tape\/","url_meta":{"origin":3673,"position":0},"title":"Die Schwarze Sonne &#8211; Sis\u00e4ll\u00e4 Vain Pime\u00e4\u00e4 (Tape)","author":"F4uSR_285","date":"21. September 2025","format":false,"excerpt":"Black Metal From\u00a0 FInland Limited Tape Edition https:\/\/www.youtube.com\/watch?v=P1XJ6E0ESi4","rel":"","context":"\u00c4hnlicher Beitrag","block_context":{"text":"\u00c4hnlicher Beitrag","link":""},"img":{"alt_text":"","src":"https:\/\/i0.wp.com\/wolfmond-production.de\/shop\/wp-content\/uploads\/2025\/09\/Die-Schwarze-Sone-Sisaellae-Vain-Pimeaeae-Tape.jpg?resize=350%2C200&ssl=1","width":350,"height":200},"classes":[]},{"id":6820,"url":"https:\/\/wolfmond-production.de\/shop\/produkt\/lord-belial-kiss-the-goat-tape\/","url_meta":{"origin":3673,"position":1},"title":"Lord Belial &#8211; Kiss The Goat (Tape)","author":"F4uSR_285","date":"5. Mai 2025","format":false,"excerpt":"Black Metal From Sweden Tape Limited To 50 Copies Wine And Fog Edition https:\/\/www.youtube.com\/watch?v=3EcfcaGNndc","rel":"","context":"\u00c4hnlicher Beitrag","block_context":{"text":"\u00c4hnlicher Beitrag","link":""},"img":{"alt_text":"","src":"https:\/\/i0.wp.com\/wolfmond-production.de\/shop\/wp-content\/uploads\/2025\/05\/Lord-Belial-Kiss-The-Goat-Tape.jpg?resize=350%2C200&ssl=1","width":350,"height":200},"classes":[]},{"id":6688,"url":"https:\/\/wolfmond-production.de\/shop\/produkt\/syndrom-einsamkeit-gottesvernichtung-version-2024-tape\/","url_meta":{"origin":3673,"position":2},"title":"Syndrom Einsamkeit &#8211; Gottesvernichtung EP (Version 2024) TAPE","author":"F4uSR_285","date":"12. M\u00e4rz 2025","format":false,"excerpt":"Raw Black Metal From Germany Tape Limited To 35 Copies Zvonica Propaganda Release With Bonus Tracks https:\/\/www.youtube.com\/watch?v=UdBHOFYjk34","rel":"","context":"\u00c4hnlicher Beitrag","block_context":{"text":"\u00c4hnlicher Beitrag","link":""},"img":{"alt_text":"","src":"https:\/\/i0.wp.com\/wolfmond-production.de\/shop\/wp-content\/uploads\/2025\/03\/Syndrom-Einsamkeit-Gottesvernichtung-2024.jpg?fit=810%2C960&ssl=1&resize=350%2C200","width":350,"height":200,"srcset":"https:\/\/i0.wp.com\/wolfmond-production.de\/shop\/wp-content\/uploads\/2025\/03\/Syndrom-Einsamkeit-Gottesvernichtung-2024.jpg?fit=810%2C960&ssl=1&resize=350%2C200 1x, https:\/\/i0.wp.com\/wolfmond-production.de\/shop\/wp-content\/uploads\/2025\/03\/Syndrom-Einsamkeit-Gottesvernichtung-2024.jpg?fit=810%2C960&ssl=1&resize=525%2C300 1.5x, https:\/\/i0.wp.com\/wolfmond-production.de\/shop\/wp-content\/uploads\/2025\/03\/Syndrom-Einsamkeit-Gottesvernichtung-2024.jpg?fit=810%2C960&ssl=1&resize=700%2C400 2x"},"classes":[]},{"id":6720,"url":"https:\/\/wolfmond-production.de\/shop\/produkt\/demonium-ascension-dark-trails-of-inquisition-demo-tape\/","url_meta":{"origin":3673,"position":3},"title":"Demonium Ascension &#8211; Dark Trails of Inquisition (Demo Tape)","author":"F4uSR_285","date":"5. April 2025","format":false,"excerpt":"Black\/Death Metal From Italy Demo Tape Limited To 50 Copies https:\/\/www.youtube.com\/watch?v=Am5HiWHlN7A","rel":"","context":"\u00c4hnlicher Beitrag","block_context":{"text":"\u00c4hnlicher Beitrag","link":""},"img":{"alt_text":"","src":"https:\/\/i0.wp.com\/wolfmond-production.de\/shop\/wp-content\/uploads\/2025\/04\/1000004978-scaled.jpg?fit=1200%2C904&ssl=1&resize=350%2C200","width":350,"height":200,"srcset":"https:\/\/i0.wp.com\/wolfmond-production.de\/shop\/wp-content\/uploads\/2025\/04\/1000004978-scaled.jpg?fit=1200%2C904&ssl=1&resize=350%2C200 1x, https:\/\/i0.wp.com\/wolfmond-production.de\/shop\/wp-content\/uploads\/2025\/04\/1000004978-scaled.jpg?fit=1200%2C904&ssl=1&resize=525%2C300 1.5x, https:\/\/i0.wp.com\/wolfmond-production.de\/shop\/wp-content\/uploads\/2025\/04\/1000004978-scaled.jpg?fit=1200%2C904&ssl=1&resize=700%2C400 2x, https:\/\/i0.wp.com\/wolfmond-production.de\/shop\/wp-content\/uploads\/2025\/04\/1000004978-scaled.jpg?fit=1200%2C904&ssl=1&resize=1050%2C600 3x"},"classes":[]},{"id":4707,"url":"https:\/\/wolfmond-production.de\/shop\/produkt\/hrossharsgrani-sankareiden-maa-tape-pre-order\/","url_meta":{"origin":3673,"position":4},"title":"Hrossharsgrani &#8211; Sankareiden Maa","author":"F4uSR_285","date":"22. November 2023","format":false,"excerpt":"Black\/Viking Metal From Austria\/Finland Tape Edition Limited To 50 Copies Release: Jan.\/Feb.2024 https:\/\/www.youtube.com\/watch?v=GYtgj9lLprc","rel":"","context":"\u00c4hnlicher Beitrag","block_context":{"text":"\u00c4hnlicher Beitrag","link":""},"img":{"alt_text":"","src":"https:\/\/i0.wp.com\/wolfmond-production.de\/shop\/wp-content\/uploads\/2023\/11\/Front-bc-2.jpg?fit=1200%2C1190&ssl=1&resize=350%2C200","width":350,"height":200,"srcset":"https:\/\/i0.wp.com\/wolfmond-production.de\/shop\/wp-content\/uploads\/2023\/11\/Front-bc-2.jpg?fit=1200%2C1190&ssl=1&resize=350%2C200 1x, https:\/\/i0.wp.com\/wolfmond-production.de\/shop\/wp-content\/uploads\/2023\/11\/Front-bc-2.jpg?fit=1200%2C1190&ssl=1&resize=525%2C300 1.5x, https:\/\/i0.wp.com\/wolfmond-production.de\/shop\/wp-content\/uploads\/2023\/11\/Front-bc-2.jpg?fit=1200%2C1190&ssl=1&resize=700%2C400 2x, https:\/\/i0.wp.com\/wolfmond-production.de\/shop\/wp-content\/uploads\/2023\/11\/Front-bc-2.jpg?fit=1200%2C1190&ssl=1&resize=1050%2C600 3x"},"classes":[]},{"id":4410,"url":"https:\/\/wolfmond-production.de\/shop\/produkt\/die-schwarze-sonne-das-letzte-licht\/","url_meta":{"origin":3673,"position":5},"title":"Die Schwarze Sonne &#8211; Das Letzte Licht (Remastered Tape)","author":"F4uSR_285","date":"6. August 2023","format":false,"excerpt":"Black Metal From Finland Tape Limited To 25 Copies Nordischer Nihilismus \u00dcber Alles \u00a0 https:\/\/www.youtube.com\/watch?v=3SqIVIdmmrg","rel":"","context":"\u00c4hnlicher Beitrag","block_context":{"text":"\u00c4hnlicher Beitrag","link":""},"img":{"alt_text":"","src":"https:\/\/i0.wp.com\/wolfmond-production.de\/shop\/wp-content\/uploads\/2023\/08\/BC.jpg?fit=1200%2C1181&ssl=1&resize=350%2C200","width":350,"height":200,"srcset":"https:\/\/i0.wp.com\/wolfmond-production.de\/shop\/wp-content\/uploads\/2023\/08\/BC.jpg?fit=1200%2C1181&ssl=1&resize=350%2C200 1x, https:\/\/i0.wp.com\/wolfmond-production.de\/shop\/wp-content\/uploads\/2023\/08\/BC.jpg?fit=1200%2C1181&ssl=1&resize=525%2C300 1.5x, https:\/\/i0.wp.com\/wolfmond-production.de\/shop\/wp-content\/uploads\/2023\/08\/BC.jpg?fit=1200%2C1181&ssl=1&resize=700%2C400 2x, https:\/\/i0.wp.com\/wolfmond-production.de\/shop\/wp-content\/uploads\/2023\/08\/BC.jpg?fit=1200%2C1181&ssl=1&resize=1050%2C600 3x"},"classes":[]}],"jetpack_sharing_enabled":true,"_links":{"self":[{"href":"https:\/\/wolfmond-production.de\/shop\/wp-json\/wp\/v2\/product\/3673","targetHints":{"allow":["GET"]}}],"collection":[{"href":"https:\/\/wolfmond-production.de\/shop\/wp-json\/wp\/v2\/product"}],"about":[{"href":"https:\/\/wolfmond-production.de\/shop\/wp-json\/wp\/v2\/types\/product"}],"replies":[{"embeddable":true,"href":"https:\/\/wolfmond-production.de\/shop\/wp-json\/wp\/v2\/comments?post=3673"}],"version-history":[{"count":0,"href":"https:\/\/wolfmond-production.de\/shop\/wp-json\/wp\/v2\/product\/3673\/revisions"}],"wp:featuredmedia":[{"embeddable":true,"href":"https:\/\/wolfmond-production.de\/shop\/wp-json\/wp\/v2\/media\/3674"}],"wp:attachment":[{"href":"https:\/\/wolfmond-production.de\/shop\/wp-json\/wp\/v2\/media?parent=3673"}],"wp:term":[{"taxonomy":"product_brand","embeddable":true,"href":"https:\/\/wolfmond-production.de\/shop\/wp-json\/wp\/v2\/product_brand?post=3673"},{"taxonomy":"product_cat","embeddable":true,"href":"https:\/\/wolfmond-production.de\/shop\/wp-json\/wp\/v2\/product_cat?post=3673"},{"taxonomy":"product_tag","embeddable":true,"href":"https:\/\/wolfmond-production.de\/shop\/wp-json\/wp\/v2\/product_tag?post=3673"}],"curies":[{"name":"wp","href":"https:\/\/api.w.org\/{rel}","templated":true}]}}