{"id":4576,"date":"2023-09-08T17:41:33","date_gmt":"2023-09-08T15:41:33","guid":{"rendered":"https:\/\/wolfmond-production.de\/shop\/?post_type=product&#038;p=4576"},"modified":"2025-11-17T19:37:31","modified_gmt":"2025-11-17T18:37:31","slug":"svart-vinter-mist","status":"publish","type":"product","link":"https:\/\/wolfmond-production.de\/shop\/produkt\/svart-vinter-mist\/","title":{"rendered":"Svart Vinter &#8211; Mist"},"content":{"rendered":"<p><img data-recalc-dims=\"1\" fetchpriority=\"high\" decoding=\"async\" class=\"alignnone size-medium wp-image-4577\" src=\"https:\/\/i0.wp.com\/wolfmond-production.de\/shop\/wp-content\/uploads\/2023\/09\/1000013163.jpg?resize=226%2C300&#038;ssl=1\" alt=\"\" width=\"226\" height=\"300\" srcset=\"https:\/\/i0.wp.com\/wolfmond-production.de\/shop\/wp-content\/uploads\/2023\/09\/1000013163-scaled.jpg?resize=226%2C300&amp;ssl=1 226w, https:\/\/i0.wp.com\/wolfmond-production.de\/shop\/wp-content\/uploads\/2023\/09\/1000013163-scaled.jpg?resize=771%2C1024&amp;ssl=1 771w, https:\/\/i0.wp.com\/wolfmond-production.de\/shop\/wp-content\/uploads\/2023\/09\/1000013163-scaled.jpg?resize=768%2C1020&amp;ssl=1 768w, https:\/\/i0.wp.com\/wolfmond-production.de\/shop\/wp-content\/uploads\/2023\/09\/1000013163-scaled.jpg?resize=1157%2C1536&amp;ssl=1 1157w, https:\/\/i0.wp.com\/wolfmond-production.de\/shop\/wp-content\/uploads\/2023\/09\/1000013163-scaled.jpg?resize=1542%2C2048&amp;ssl=1 1542w, https:\/\/i0.wp.com\/wolfmond-production.de\/shop\/wp-content\/uploads\/2023\/09\/1000013163-scaled.jpg?resize=158%2C210&amp;ssl=1 158w, https:\/\/i0.wp.com\/wolfmond-production.de\/shop\/wp-content\/uploads\/2023\/09\/1000013163-scaled.jpg?resize=1536%2C2040&amp;ssl=1 1536w, https:\/\/i0.wp.com\/wolfmond-production.de\/shop\/wp-content\/uploads\/2023\/09\/1000013163-scaled.jpg?resize=1960%2C2603&amp;ssl=1 1960w, https:\/\/i0.wp.com\/wolfmond-production.de\/shop\/wp-content\/uploads\/2023\/09\/1000013163-scaled.jpg?resize=600%2C797&amp;ssl=1 600w, https:\/\/i0.wp.com\/wolfmond-production.de\/shop\/wp-content\/uploads\/2023\/09\/1000013163-scaled.jpg?w=1928&amp;ssl=1 1928w\" sizes=\"(max-width: 226px) 100vw, 226px\" \/><\/p>\n","protected":false},"excerpt":{"rendered":"<p>Black Metal From Italy<\/p>\n<p>Limited To 30 Copies<\/p>\n<p>https:\/\/www.youtube.com\/watch?v=sZ1pmQu1fRg<\/p>\n","protected":false},"featured_media":4577,"comment_status":"open","ping_status":"closed","template":"","meta":{"_uf_show_specific_survey":0,"_uf_disable_surveys":false,"jetpack_post_was_ever_published":false,"jetpack_publicize_message":"","jetpack_publicize_feature_enabled":true,"jetpack_social_post_already_shared":true,"jetpack_social_options":{"image_generator_settings":{"template":"highway","default_image_id":0,"font":"","enabled":false},"version":2}},"product_brand":[],"product_cat":[26],"product_tag":[],"class_list":{"0":"post-4576","1":"product","2":"type-product","3":"status-publish","4":"has-post-thumbnail","6":"product_cat-tape","8":"first","9":"instock","10":"shipping-taxable","11":"purchasable","12":"product-type-simple"},"aioseo_notices":[],"jetpack_publicize_connections":[],"jetpack-related-posts":[{"id":1264,"url":"https:\/\/wolfmond-production.de\/shop\/produkt\/eall-setekh-of-pale-mists-and-fading-stars\/","url_meta":{"origin":4576,"position":0},"title":"Eall\/Setekh &#8211; Of Pale Mists And Fading Stars","author":"F4uSR_285","date":"4. Juli 2021","format":false,"excerpt":"Eall: Atmospheric\/Post-Black Metal From France Setekh: Atmospheric Black Metal\/Dark Ambient From USA CDr Limited To 100 Copies Full Split: https:\/\/www.youtube.com\/watch?v=tk5wGL3hUhg&t=2s","rel":"","context":"\u00c4hnlicher Beitrag","block_context":{"text":"\u00c4hnlicher Beitrag","link":""},"img":{"alt_text":"","src":"https:\/\/i0.wp.com\/wolfmond-production.de\/shop\/wp-content\/uploads\/shop_media\/music\/cd_lp\/front-cover.png?fit=1200%2C1200&ssl=1&resize=350%2C200","width":350,"height":200,"srcset":"https:\/\/i0.wp.com\/wolfmond-production.de\/shop\/wp-content\/uploads\/shop_media\/music\/cd_lp\/front-cover.png?fit=1200%2C1200&ssl=1&resize=350%2C200 1x, https:\/\/i0.wp.com\/wolfmond-production.de\/shop\/wp-content\/uploads\/shop_media\/music\/cd_lp\/front-cover.png?fit=1200%2C1200&ssl=1&resize=525%2C300 1.5x, https:\/\/i0.wp.com\/wolfmond-production.de\/shop\/wp-content\/uploads\/shop_media\/music\/cd_lp\/front-cover.png?fit=1200%2C1200&ssl=1&resize=700%2C400 2x, https:\/\/i0.wp.com\/wolfmond-production.de\/shop\/wp-content\/uploads\/shop_media\/music\/cd_lp\/front-cover.png?fit=1200%2C1200&ssl=1&resize=1050%2C600 3x"},"classes":[]},{"id":1978,"url":"https:\/\/wolfmond-production.de\/shop\/produkt\/oyhra-praz-piacory-mistycnaha-azarennia-zaimhlonyja-dali-prynosiac-uspaminy\/","url_meta":{"origin":4576,"position":1},"title":"Oyhra &#8211; Pra\u017a Pia\u010dory Misty\u010dnaha Azare\u0144nia\/Zaimhlonyja Dali Prynosia\u0107 Uspaminy","author":"F4uSR_285","date":"7. August 2021","format":false,"excerpt":"Pagan Black Metal From Belarus Digibook Limited To 500 Copies https:\/\/www.youtube.com\/watch?v=klOSg2IFQw8&t=306s","rel":"","context":"\u00c4hnlicher Beitrag","block_context":{"text":"\u00c4hnlicher Beitrag","link":""},"img":{"alt_text":"","src":"https:\/\/i0.wp.com\/wolfmond-production.de\/shop\/wp-content\/uploads\/shop_media\/music\/cd_lp\/Oyhra-Praz-Piacory-Mistycnaha-Azarennia-Zaimhlonyja-Dali-Prynosiac-Uspaminy.jpg?resize=350%2C200&ssl=1","width":350,"height":200},"classes":[]},{"id":935,"url":"https:\/\/wolfmond-production.de\/shop\/produkt\/necromance-theater-beyond-the-throne-of-mist\/","url_meta":{"origin":4576,"position":2},"title":"Necromance Theater &#8211; Beyond the Throne of Mist","author":"F4uSR_285","date":"1. Juli 2021","format":false,"excerpt":"Symphonic Black Metal From Bolivia CDr Limited To 100 Copies Full Album: https:\/\/www.youtube.com\/watch?v=ijVa9d91pUA&t=4s","rel":"","context":"\u00c4hnlicher Beitrag","block_context":{"text":"\u00c4hnlicher Beitrag","link":""},"img":{"alt_text":"","src":"https:\/\/i0.wp.com\/wolfmond-production.de\/shop\/wp-content\/uploads\/2021\/07\/a0017d97-2515-4313-9381-2151c397685a.png?fit=1024%2C1024&ssl=1&resize=350%2C200","width":350,"height":200,"srcset":"https:\/\/i0.wp.com\/wolfmond-production.de\/shop\/wp-content\/uploads\/2021\/07\/a0017d97-2515-4313-9381-2151c397685a.png?fit=1024%2C1024&ssl=1&resize=350%2C200 1x, https:\/\/i0.wp.com\/wolfmond-production.de\/shop\/wp-content\/uploads\/2021\/07\/a0017d97-2515-4313-9381-2151c397685a.png?fit=1024%2C1024&ssl=1&resize=525%2C300 1.5x, https:\/\/i0.wp.com\/wolfmond-production.de\/shop\/wp-content\/uploads\/2021\/07\/a0017d97-2515-4313-9381-2151c397685a.png?fit=1024%2C1024&ssl=1&resize=700%2C400 2x"},"classes":[]},{"id":8679,"url":"https:\/\/wolfmond-production.de\/shop\/produkt\/kalmankantaja-vardan-split\/","url_meta":{"origin":4576,"position":3},"title":"Kalmankantaja\/Vardan Split","author":"F4uSR_285","date":"4. M\u00e4rz 2026","format":false,"excerpt":"Atmospheric Black Metal From Finland Black Metal From Italy Digipak Limited To 300 Copies https:\/\/www.youtube.com\/watch?v=W68UiK6nPxE Hersteller\/Vertreter Hammerbund Franz-Petrich-Str.60d 07546 Gera","rel":"","context":"\u00c4hnlicher Beitrag","block_context":{"text":"\u00c4hnlicher Beitrag","link":""},"img":{"alt_text":"","src":"https:\/\/i0.wp.com\/wolfmond-production.de\/shop\/wp-content\/uploads\/2026\/03\/IMG_0925-scaled.jpg?fit=1200%2C1122&ssl=1&resize=350%2C200","width":350,"height":200,"srcset":"https:\/\/i0.wp.com\/wolfmond-production.de\/shop\/wp-content\/uploads\/2026\/03\/IMG_0925-scaled.jpg?fit=1200%2C1122&ssl=1&resize=350%2C200 1x, https:\/\/i0.wp.com\/wolfmond-production.de\/shop\/wp-content\/uploads\/2026\/03\/IMG_0925-scaled.jpg?fit=1200%2C1122&ssl=1&resize=525%2C300 1.5x, https:\/\/i0.wp.com\/wolfmond-production.de\/shop\/wp-content\/uploads\/2026\/03\/IMG_0925-scaled.jpg?fit=1200%2C1122&ssl=1&resize=700%2C400 2x, https:\/\/i0.wp.com\/wolfmond-production.de\/shop\/wp-content\/uploads\/2026\/03\/IMG_0925-scaled.jpg?fit=1200%2C1122&ssl=1&resize=1050%2C600 3x"},"classes":[]},{"id":8184,"url":"https:\/\/wolfmond-production.de\/shop\/produkt\/black-raptus-like-a-sharp-blade\/","url_meta":{"origin":4576,"position":4},"title":"Black Raptus &#8211; Like A Sharp Blade","author":"F4uSR_285","date":"17. November 2025","format":false,"excerpt":"Black Metal From Italy Tape Limited To 50 Copies https:\/\/www.youtube.com\/watch?v=HpsZ67Gh2dQ","rel":"","context":"\u00c4hnlicher Beitrag","block_context":{"text":"\u00c4hnlicher Beitrag","link":""},"img":{"alt_text":"","src":"https:\/\/i0.wp.com\/wolfmond-production.de\/shop\/wp-content\/uploads\/2025\/11\/img_0286-scaled.jpeg?fit=900%2C1200&ssl=1&resize=350%2C200","width":350,"height":200,"srcset":"https:\/\/i0.wp.com\/wolfmond-production.de\/shop\/wp-content\/uploads\/2025\/11\/img_0286-scaled.jpeg?fit=900%2C1200&ssl=1&resize=350%2C200 1x, https:\/\/i0.wp.com\/wolfmond-production.de\/shop\/wp-content\/uploads\/2025\/11\/img_0286-scaled.jpeg?fit=900%2C1200&ssl=1&resize=525%2C300 1.5x, https:\/\/i0.wp.com\/wolfmond-production.de\/shop\/wp-content\/uploads\/2025\/11\/img_0286-scaled.jpeg?fit=900%2C1200&ssl=1&resize=700%2C400 2x"},"classes":[]},{"id":7464,"url":"https:\/\/wolfmond-production.de\/shop\/produkt\/humm-sanctuary\/","url_meta":{"origin":4576,"position":5},"title":"Humm &#8211; Sanctuary","author":"F4uSR_285","date":"3. September 2025","format":false,"excerpt":"Post-Black Metal From Italy CD Limited To 500 Copies https:\/\/www.youtube.com\/watch?v=Mo_TbP00ysA","rel":"","context":"\u00c4hnlicher Beitrag","block_context":{"text":"\u00c4hnlicher Beitrag","link":""},"img":{"alt_text":"","src":"https:\/\/i0.wp.com\/wolfmond-production.de\/shop\/wp-content\/uploads\/2025\/09\/Humm-Sanctuary.jpg?resize=350%2C200&ssl=1","width":350,"height":200},"classes":[]}],"jetpack_sharing_enabled":true,"_links":{"self":[{"href":"https:\/\/wolfmond-production.de\/shop\/wp-json\/wp\/v2\/product\/4576","targetHints":{"allow":["GET"]}}],"collection":[{"href":"https:\/\/wolfmond-production.de\/shop\/wp-json\/wp\/v2\/product"}],"about":[{"href":"https:\/\/wolfmond-production.de\/shop\/wp-json\/wp\/v2\/types\/product"}],"replies":[{"embeddable":true,"href":"https:\/\/wolfmond-production.de\/shop\/wp-json\/wp\/v2\/comments?post=4576"}],"version-history":[{"count":1,"href":"https:\/\/wolfmond-production.de\/shop\/wp-json\/wp\/v2\/product\/4576\/revisions"}],"predecessor-version":[{"id":7943,"href":"https:\/\/wolfmond-production.de\/shop\/wp-json\/wp\/v2\/product\/4576\/revisions\/7943"}],"wp:featuredmedia":[{"embeddable":true,"href":"https:\/\/wolfmond-production.de\/shop\/wp-json\/wp\/v2\/media\/4577"}],"wp:attachment":[{"href":"https:\/\/wolfmond-production.de\/shop\/wp-json\/wp\/v2\/media?parent=4576"}],"wp:term":[{"taxonomy":"product_brand","embeddable":true,"href":"https:\/\/wolfmond-production.de\/shop\/wp-json\/wp\/v2\/product_brand?post=4576"},{"taxonomy":"product_cat","embeddable":true,"href":"https:\/\/wolfmond-production.de\/shop\/wp-json\/wp\/v2\/product_cat?post=4576"},{"taxonomy":"product_tag","embeddable":true,"href":"https:\/\/wolfmond-production.de\/shop\/wp-json\/wp\/v2\/product_tag?post=4576"}],"curies":[{"name":"wp","href":"https:\/\/api.w.org\/{rel}","templated":true}]}}