{"id":510,"date":"2021-06-19T15:41:48","date_gmt":"2021-06-19T13:41:48","guid":{"rendered":"https:\/\/wolfmond-production.de\/shop\/?post_type=product&#038;p=510"},"modified":"2026-04-05T22:41:23","modified_gmt":"2026-04-05T20:41:23","slug":"psychalgia-syndrom-einsamkeit-potemtum-solitude-coldnight","status":"publish","type":"product","link":"https:\/\/wolfmond-production.de\/shop\/produkt\/psychalgia-syndrom-einsamkeit-potemtum-solitude-coldnight\/","title":{"rendered":"Psychalgia\/Syndrom Einsamkeit\/Potemtum Solitude\/Coldnight"},"content":{"rendered":"<p><img data-recalc-dims=\"1\" fetchpriority=\"high\" decoding=\"async\" class=\"alignnone size-medium wp-image-228\" src=\"https:\/\/i0.wp.com\/wolfmond-production.de\/shop\/wp-content\/uploads\/shop_media\/music\/cd_lp\/Front-22.jpg?resize=300%2C300&#038;ssl=1\" alt=\"\" width=\"300\" height=\"300\" srcset=\"https:\/\/i0.wp.com\/wolfmond-production.de\/shop\/wp-content\/uploads\/shop_media\/music\/cd_lp\/Front-22.jpg?resize=300%2C300&amp;ssl=1 300w, https:\/\/i0.wp.com\/wolfmond-production.de\/shop\/wp-content\/uploads\/shop_media\/music\/cd_lp\/Front-22.jpg?resize=100%2C100&amp;ssl=1 100w, https:\/\/i0.wp.com\/wolfmond-production.de\/shop\/wp-content\/uploads\/shop_media\/music\/cd_lp\/Front-22.jpg?resize=600%2C600&amp;ssl=1 600w, https:\/\/i0.wp.com\/wolfmond-production.de\/shop\/wp-content\/uploads\/shop_media\/music\/cd_lp\/Front-22.jpg?resize=1024%2C1024&amp;ssl=1 1024w, https:\/\/i0.wp.com\/wolfmond-production.de\/shop\/wp-content\/uploads\/shop_media\/music\/cd_lp\/Front-22.jpg?resize=150%2C150&amp;ssl=1 150w, https:\/\/i0.wp.com\/wolfmond-production.de\/shop\/wp-content\/uploads\/shop_media\/music\/cd_lp\/Front-22.jpg?resize=768%2C768&amp;ssl=1 768w, https:\/\/i0.wp.com\/wolfmond-production.de\/shop\/wp-content\/uploads\/shop_media\/music\/cd_lp\/Front-22.jpg?w=1488&amp;ssl=1 1488w\" sizes=\"(max-width: 300px) 100vw, 300px\" \/><\/p>\n<p>DSBM\/Nosie\/Raw Black Metal\/Black Metal\/Ambient From International<\/p>\n<p>CDr Limited To 100 Copies<\/p>\n<p>Full Split:<\/p>\n<p><iframe title=\"Psychalgia\/Potemtum And Solitude\/Syndrom Einsamkeit\/Coldnight (Full Split)\" width=\"980\" height=\"551\" src=\"https:\/\/www.youtube.com\/embed\/g0Qhyj7XFu4?start=2341&#038;feature=oembed\" frameborder=\"0\" allow=\"accelerometer; autoplay; clipboard-write; encrypted-media; gyroscope; picture-in-picture\" allowfullscreen><\/iframe><\/p>\n","protected":false},"excerpt":{"rendered":"<p>DSBM\/Nosie\/Raw Black Metal\/Black Metal\/Ambient From International CDr Limited To 100 Copies Full Split:<\/p>\n","protected":false},"featured_media":228,"comment_status":"open","ping_status":"closed","template":"","meta":{"_uf_show_specific_survey":0,"_uf_disable_surveys":false,"jetpack_post_was_ever_published":false,"jetpack_publicize_message":"","jetpack_publicize_feature_enabled":true,"jetpack_social_post_already_shared":false,"jetpack_social_options":{"image_generator_settings":{"template":"highway","default_image_id":0,"font":"","enabled":false},"version":2}},"product_brand":[],"product_cat":[20],"product_tag":[],"class_list":{"0":"post-510","1":"product","2":"type-product","3":"status-publish","4":"has-post-thumbnail","6":"product_cat-wp-release","8":"first","9":"instock","10":"shipping-taxable","11":"purchasable","12":"product-type-simple"},"aioseo_notices":[],"jetpack_publicize_connections":[],"jetpack-related-posts":[{"id":5589,"url":"https:\/\/wolfmond-production.de\/shop\/produkt\/anti-life-black-metal-contra-voce-black-metal-against-you\/","url_meta":{"origin":510,"position":0},"title":"Anti Life &#8211; Black Metal Contra Voc\u00ea! (Black Metal Against You!)","author":"F4uSR_285","date":"8. Juni 2024","format":false,"excerpt":"Black Metal From Brazil CD Limited To 500 Copies https:\/\/www.youtube.com\/watch?v=Y1cdr1FJzcY","rel":"","context":"\u00c4hnlicher Beitrag","block_context":{"text":"\u00c4hnlicher Beitrag","link":""},"img":{"alt_text":"","src":"https:\/\/i0.wp.com\/wolfmond-production.de\/shop\/wp-content\/uploads\/2024\/06\/Anti-Life-Black-Metal-Contra-Voce.jpeg?resize=350%2C200&ssl=1","width":350,"height":200},"classes":[]},{"id":5131,"url":"https:\/\/wolfmond-production.de\/shop\/produkt\/insanis-black-metal-marginals\/","url_meta":{"origin":510,"position":1},"title":"Insanis &#8211; Black Metal Marginals","author":"F4uSR_285","date":"27. M\u00e4rz 2024","format":false,"excerpt":"Black Metal From Russia https:\/\/www.youtube.com\/watch?v=KKvBqR2F5Ws","rel":"","context":"\u00c4hnlicher Beitrag","block_context":{"text":"\u00c4hnlicher Beitrag","link":""},"img":{"alt_text":"","src":"https:\/\/i0.wp.com\/wolfmond-production.de\/shop\/wp-content\/uploads\/2024\/03\/Insanis-Black-Metal-Marginals.jpeg?resize=350%2C200&ssl=1","width":350,"height":200},"classes":[]},{"id":6353,"url":"https:\/\/wolfmond-production.de\/shop\/produkt\/black-boat-macabre-metal\/","url_meta":{"origin":510,"position":2},"title":"Black Goat &#8211; Macabre Metal","author":"F4uSR_285","date":"23. Oktober 2024","format":false,"excerpt":"Black Metal From Russia CD Limited To 300 Copies \u00a0","rel":"","context":"\u00c4hnlicher Beitrag","block_context":{"text":"\u00c4hnlicher Beitrag","link":""},"img":{"alt_text":"","src":"https:\/\/i0.wp.com\/wolfmond-production.de\/shop\/wp-content\/uploads\/2024\/10\/Black-Goat-Macabre-Metal.jpg?resize=350%2C200&ssl=1","width":350,"height":200},"classes":[]},{"id":1070,"url":"https:\/\/wolfmond-production.de\/shop\/produkt\/mornie-utulie-darlament-norvadian-atmospheric-black-metal\/","url_meta":{"origin":510,"position":3},"title":"Morn\u00ed\u00eb Utul\u00ed\u00eb &#8211; Darlament Norvadian Atmospheric Black Metal","author":"F4uSR_285","date":"3. Juli 2021","format":false,"excerpt":"Atmospheric Black Metal\/Black Metal From Poland and El Salvador CDr Limited To 100 Copies Full Split: https:\/\/www.youtube.com\/watch?v=o5WA1sN6Dtk&t=7s","rel":"","context":"\u00c4hnlicher Beitrag","block_context":{"text":"\u00c4hnlicher Beitrag","link":""},"img":{"alt_text":"","src":"https:\/\/i0.wp.com\/wolfmond-production.de\/shop\/wp-content\/uploads\/2021\/07\/4940ab5e-6812-4272-a78c-7cc1c15c1c66.png?fit=1200%2C800&ssl=1&resize=350%2C200","width":350,"height":200,"srcset":"https:\/\/i0.wp.com\/wolfmond-production.de\/shop\/wp-content\/uploads\/2021\/07\/4940ab5e-6812-4272-a78c-7cc1c15c1c66.png?fit=1200%2C800&ssl=1&resize=350%2C200 1x, https:\/\/i0.wp.com\/wolfmond-production.de\/shop\/wp-content\/uploads\/2021\/07\/4940ab5e-6812-4272-a78c-7cc1c15c1c66.png?fit=1200%2C800&ssl=1&resize=525%2C300 1.5x, https:\/\/i0.wp.com\/wolfmond-production.de\/shop\/wp-content\/uploads\/2021\/07\/4940ab5e-6812-4272-a78c-7cc1c15c1c66.png?fit=1200%2C800&ssl=1&resize=700%2C400 2x, https:\/\/i0.wp.com\/wolfmond-production.de\/shop\/wp-content\/uploads\/2021\/07\/4940ab5e-6812-4272-a78c-7cc1c15c1c66.png?fit=1200%2C800&ssl=1&resize=1050%2C600 3x"},"classes":[]},{"id":7592,"url":"https:\/\/wolfmond-production.de\/shop\/produkt\/old-pagan-this-is-saarland-black-metal-ep\/","url_meta":{"origin":510,"position":4},"title":"Old Pagan &#8211; This Is Saarland Black Metal EP","author":"F4uSR_285","date":"6. September 2025","format":false,"excerpt":"Black Metal From Germany CD Limited To 500 Copies https:\/\/www.youtube.com\/watch?v=crdTt9zYPMI","rel":"","context":"\u00c4hnlicher Beitrag","block_context":{"text":"\u00c4hnlicher Beitrag","link":""},"img":{"alt_text":"","src":"https:\/\/i0.wp.com\/wolfmond-production.de\/shop\/wp-content\/uploads\/2025\/09\/Old-Pagan-This-Is-Saarland-Black-Metal.jpg?resize=350%2C200&ssl=1","width":350,"height":200},"classes":[]},{"id":5134,"url":"https:\/\/wolfmond-production.de\/shop\/produkt\/angelcide-black-metal-terrorism\/","url_meta":{"origin":510,"position":5},"title":"Angelcide &#8211; Black Metal Terrorism","author":"F4uSR_285","date":"27. M\u00e4rz 2024","format":false,"excerpt":"Blackened Death Metal From USA CD Limited To 500 Copies https:\/\/www.youtube.com\/watch?v=-kpXQORrseU","rel":"","context":"\u00c4hnlicher Beitrag","block_context":{"text":"\u00c4hnlicher Beitrag","link":""},"img":{"alt_text":"","src":"https:\/\/i0.wp.com\/wolfmond-production.de\/shop\/wp-content\/uploads\/2024\/03\/Angelcide-Black-Metal-Terrorism.jpeg?resize=350%2C200&ssl=1","width":350,"height":200},"classes":[]}],"jetpack_sharing_enabled":true,"_links":{"self":[{"href":"https:\/\/wolfmond-production.de\/shop\/wp-json\/wp\/v2\/product\/510","targetHints":{"allow":["GET"]}}],"collection":[{"href":"https:\/\/wolfmond-production.de\/shop\/wp-json\/wp\/v2\/product"}],"about":[{"href":"https:\/\/wolfmond-production.de\/shop\/wp-json\/wp\/v2\/types\/product"}],"replies":[{"embeddable":true,"href":"https:\/\/wolfmond-production.de\/shop\/wp-json\/wp\/v2\/comments?post=510"}],"version-history":[{"count":0,"href":"https:\/\/wolfmond-production.de\/shop\/wp-json\/wp\/v2\/product\/510\/revisions"}],"wp:featuredmedia":[{"embeddable":true,"href":"https:\/\/wolfmond-production.de\/shop\/wp-json\/wp\/v2\/media\/228"}],"wp:attachment":[{"href":"https:\/\/wolfmond-production.de\/shop\/wp-json\/wp\/v2\/media?parent=510"}],"wp:term":[{"taxonomy":"product_brand","embeddable":true,"href":"https:\/\/wolfmond-production.de\/shop\/wp-json\/wp\/v2\/product_brand?post=510"},{"taxonomy":"product_cat","embeddable":true,"href":"https:\/\/wolfmond-production.de\/shop\/wp-json\/wp\/v2\/product_cat?post=510"},{"taxonomy":"product_tag","embeddable":true,"href":"https:\/\/wolfmond-production.de\/shop\/wp-json\/wp\/v2\/product_tag?post=510"}],"curies":[{"name":"wp","href":"https:\/\/api.w.org\/{rel}","templated":true}]}}