{"id":752,"date":"2021-06-29T18:27:19","date_gmt":"2021-06-29T16:27:19","guid":{"rendered":"https:\/\/wolfmond-production.de\/shop\/?post_type=product&#038;p=752"},"modified":"2026-04-02T17:59:35","modified_gmt":"2026-04-02T15:59:35","slug":"sarg-lupan-beben-janus","status":"publish","type":"product","link":"https:\/\/wolfmond-production.de\/shop\/produkt\/sarg-lupan-beben-janus\/","title":{"rendered":"Sarg\/Lupan &#8211; Beben Janus"},"content":{"rendered":"<p><img data-recalc-dims=\"1\" fetchpriority=\"high\" decoding=\"async\" class=\"alignnone size-medium wp-image-265\" src=\"https:\/\/i0.wp.com\/wolfmond-production.de\/shop\/wp-content\/uploads\/shop_media\/music\/cd_lp\/Klein-6.jpg?resize=300%2C300&#038;ssl=1\" alt=\"\" width=\"300\" height=\"300\" srcset=\"https:\/\/i0.wp.com\/wolfmond-production.de\/shop\/wp-content\/uploads\/shop_media\/music\/cd_lp\/Klein-6.jpg?resize=300%2C300&amp;ssl=1 300w, https:\/\/i0.wp.com\/wolfmond-production.de\/shop\/wp-content\/uploads\/shop_media\/music\/cd_lp\/Klein-6.jpg?resize=100%2C100&amp;ssl=1 100w, https:\/\/i0.wp.com\/wolfmond-production.de\/shop\/wp-content\/uploads\/shop_media\/music\/cd_lp\/Klein-6.jpg?resize=150%2C150&amp;ssl=1 150w, https:\/\/i0.wp.com\/wolfmond-production.de\/shop\/wp-content\/uploads\/shop_media\/music\/cd_lp\/Klein-6.jpg?w=447&amp;ssl=1 447w\" sizes=\"(max-width: 300px) 100vw, 300px\" \/><\/p>\n<p>Black Metal From Germany<\/p>\n<p>CDr Limited To 100 Copies<\/p>\n<p>Full Split:<\/p>\n<p><iframe title=\"Sarg\/Lupan - Beben Janus (Full Split)\" width=\"980\" height=\"551\" src=\"https:\/\/www.youtube.com\/embed\/qEpRW-6QWIY?start=3&#038;feature=oembed\" frameborder=\"0\" allow=\"accelerometer; autoplay; clipboard-write; encrypted-media; gyroscope; picture-in-picture; web-share\" referrerpolicy=\"strict-origin-when-cross-origin\" allowfullscreen><\/iframe><\/p>\n","protected":false},"excerpt":{"rendered":"<p>Black Metal From Germany CDr Limited To 100 Copies Full Split:<\/p>\n","protected":false},"featured_media":8786,"comment_status":"open","ping_status":"closed","template":"","meta":{"_uf_show_specific_survey":0,"_uf_disable_surveys":false,"jetpack_post_was_ever_published":false,"jetpack_publicize_message":"","jetpack_publicize_feature_enabled":true,"jetpack_social_post_already_shared":false,"jetpack_social_options":{"image_generator_settings":{"template":"highway","default_image_id":0,"font":"","enabled":false},"version":2}},"product_brand":[],"product_cat":[25,20],"product_tag":[],"class_list":{"0":"post-752","1":"product","2":"type-product","3":"status-publish","4":"has-post-thumbnail","6":"product_cat-cd","7":"product_cat-wp-release","9":"first","10":"instock","11":"sale","12":"shipping-taxable","13":"purchasable","14":"product-type-simple"},"aioseo_notices":[],"jetpack_publicize_connections":[],"jetpack-related-posts":[{"id":1229,"url":"https:\/\/wolfmond-production.de\/shop\/produkt\/lupan-zeichen\/","url_meta":{"origin":752,"position":0},"title":"Lupan &#8211; Zeichen","author":"F4uSR_285","date":"4. Juli 2021","format":false,"excerpt":"Black Metal From Germany CDr Limited To 333 Copies Full Album: https:\/\/www.youtube.com\/watch?v=UCvPtHlslD0&t=175s","rel":"","context":"\u00c4hnlicher Beitrag","block_context":{"text":"\u00c4hnlicher Beitrag","link":""},"img":{"alt_text":"","src":"https:\/\/i0.wp.com\/wolfmond-production.de\/shop\/wp-content\/uploads\/shop_media\/music\/cd_lp\/Entwurf-Vorderseite-jpeg.jpg?fit=1200%2C1076&ssl=1&resize=350%2C200","width":350,"height":200,"srcset":"https:\/\/i0.wp.com\/wolfmond-production.de\/shop\/wp-content\/uploads\/shop_media\/music\/cd_lp\/Entwurf-Vorderseite-jpeg.jpg?fit=1200%2C1076&ssl=1&resize=350%2C200 1x, https:\/\/i0.wp.com\/wolfmond-production.de\/shop\/wp-content\/uploads\/shop_media\/music\/cd_lp\/Entwurf-Vorderseite-jpeg.jpg?fit=1200%2C1076&ssl=1&resize=525%2C300 1.5x, https:\/\/i0.wp.com\/wolfmond-production.de\/shop\/wp-content\/uploads\/shop_media\/music\/cd_lp\/Entwurf-Vorderseite-jpeg.jpg?fit=1200%2C1076&ssl=1&resize=700%2C400 2x, https:\/\/i0.wp.com\/wolfmond-production.de\/shop\/wp-content\/uploads\/shop_media\/music\/cd_lp\/Entwurf-Vorderseite-jpeg.jpg?fit=1200%2C1076&ssl=1&resize=1050%2C600 3x"},"classes":[]},{"id":1102,"url":"https:\/\/wolfmond-production.de\/shop\/produkt\/wolfrudel-beutegier\/","url_meta":{"origin":752,"position":1},"title":"Wolfsrudel &#8211; Beutegier","author":"F4uSR_285","date":"4. Juli 2021","format":false,"excerpt":"Black Metal From Germany CDr Limited To 100 Copies Full Album: https:\/\/www.youtube.com\/watch?v=CFPv5FalnA0&t=3s","rel":"","context":"\u00c4hnlicher Beitrag","block_context":{"text":"\u00c4hnlicher Beitrag","link":""},"img":{"alt_text":"","src":"https:\/\/i0.wp.com\/wolfmond-production.de\/shop\/wp-content\/uploads\/2021\/07\/1000066235.png?fit=1200%2C800&ssl=1&resize=350%2C200","width":350,"height":200,"srcset":"https:\/\/i0.wp.com\/wolfmond-production.de\/shop\/wp-content\/uploads\/2021\/07\/1000066235.png?fit=1200%2C800&ssl=1&resize=350%2C200 1x, https:\/\/i0.wp.com\/wolfmond-production.de\/shop\/wp-content\/uploads\/2021\/07\/1000066235.png?fit=1200%2C800&ssl=1&resize=525%2C300 1.5x, https:\/\/i0.wp.com\/wolfmond-production.de\/shop\/wp-content\/uploads\/2021\/07\/1000066235.png?fit=1200%2C800&ssl=1&resize=700%2C400 2x, https:\/\/i0.wp.com\/wolfmond-production.de\/shop\/wp-content\/uploads\/2021\/07\/1000066235.png?fit=1200%2C800&ssl=1&resize=1050%2C600 3x"},"classes":[]},{"id":1166,"url":"https:\/\/wolfmond-production.de\/shop\/produkt\/waldseel-shards-of-a-lost-world-mystischer-hauch-vergessener-welten\/","url_meta":{"origin":752,"position":2},"title":"Waldseel\/Shards Of A Lost World &#8211; Mystischer Hauch Vergessener Welten","author":"F4uSR_285","date":"4. Juli 2021","format":false,"excerpt":"Black Metal From Germany CDr Limited To 100 Copies Full Split: https:\/\/www.youtube.com\/watch?v=h0WgiNb29Bo&t=76s","rel":"","context":"\u00c4hnlicher Beitrag","block_context":{"text":"\u00c4hnlicher Beitrag","link":""},"img":{"alt_text":"","src":"https:\/\/i0.wp.com\/wolfmond-production.de\/shop\/wp-content\/uploads\/shop_media\/music\/cd_lp\/Front-77-scaled.jpg?fit=1185%2C1200&ssl=1&resize=350%2C200","width":350,"height":200,"srcset":"https:\/\/i0.wp.com\/wolfmond-production.de\/shop\/wp-content\/uploads\/shop_media\/music\/cd_lp\/Front-77-scaled.jpg?fit=1185%2C1200&ssl=1&resize=350%2C200 1x, https:\/\/i0.wp.com\/wolfmond-production.de\/shop\/wp-content\/uploads\/shop_media\/music\/cd_lp\/Front-77-scaled.jpg?fit=1185%2C1200&ssl=1&resize=525%2C300 1.5x, https:\/\/i0.wp.com\/wolfmond-production.de\/shop\/wp-content\/uploads\/shop_media\/music\/cd_lp\/Front-77-scaled.jpg?fit=1185%2C1200&ssl=1&resize=700%2C400 2x, https:\/\/i0.wp.com\/wolfmond-production.de\/shop\/wp-content\/uploads\/shop_media\/music\/cd_lp\/Front-77-scaled.jpg?fit=1185%2C1200&ssl=1&resize=1050%2C600 3x"},"classes":[]},{"id":1070,"url":"https:\/\/wolfmond-production.de\/shop\/produkt\/mornie-utulie-darlament-norvadian-atmospheric-black-metal\/","url_meta":{"origin":752,"position":3},"title":"Morn\u00ed\u00eb Utul\u00ed\u00eb &#8211; Darlament Norvadian Atmospheric Black Metal","author":"F4uSR_285","date":"3. Juli 2021","format":false,"excerpt":"Atmospheric Black Metal\/Black Metal From Poland and El Salvador CDr Limited To 100 Copies Full Split: https:\/\/www.youtube.com\/watch?v=o5WA1sN6Dtk&t=7s","rel":"","context":"\u00c4hnlicher Beitrag","block_context":{"text":"\u00c4hnlicher Beitrag","link":""},"img":{"alt_text":"","src":"https:\/\/i0.wp.com\/wolfmond-production.de\/shop\/wp-content\/uploads\/2021\/07\/4940ab5e-6812-4272-a78c-7cc1c15c1c66.png?fit=1200%2C800&ssl=1&resize=350%2C200","width":350,"height":200,"srcset":"https:\/\/i0.wp.com\/wolfmond-production.de\/shop\/wp-content\/uploads\/2021\/07\/4940ab5e-6812-4272-a78c-7cc1c15c1c66.png?fit=1200%2C800&ssl=1&resize=350%2C200 1x, https:\/\/i0.wp.com\/wolfmond-production.de\/shop\/wp-content\/uploads\/2021\/07\/4940ab5e-6812-4272-a78c-7cc1c15c1c66.png?fit=1200%2C800&ssl=1&resize=525%2C300 1.5x, https:\/\/i0.wp.com\/wolfmond-production.de\/shop\/wp-content\/uploads\/2021\/07\/4940ab5e-6812-4272-a78c-7cc1c15c1c66.png?fit=1200%2C800&ssl=1&resize=700%2C400 2x, https:\/\/i0.wp.com\/wolfmond-production.de\/shop\/wp-content\/uploads\/2021\/07\/4940ab5e-6812-4272-a78c-7cc1c15c1c66.png?fit=1200%2C800&ssl=1&resize=1050%2C600 3x"},"classes":[]},{"id":539,"url":"https:\/\/wolfmond-production.de\/shop\/produkt\/nyarlahotep-strahor-eris\/","url_meta":{"origin":752,"position":4},"title":"Nyarlahotep\/Strahor\/Eris","author":"F4uSR_285","date":"20. Juni 2021","format":false,"excerpt":"Black Metal\/Thrash Metal From Bosnia and Herzegovina\/Serbia CDr Limited To 100 Copies Full Split: https:\/\/www.youtube.com\/watch?v=NFEyKtWSQPU&t=359s","rel":"","context":"\u00c4hnlicher Beitrag","block_context":{"text":"\u00c4hnlicher Beitrag","link":""},"img":{"alt_text":"","src":"https:\/\/i0.wp.com\/wolfmond-production.de\/shop\/wp-content\/uploads\/2021\/06\/278bf4f9-e3c4-4c83-ade3-c3a067a35128.png?fit=1024%2C1024&ssl=1&resize=350%2C200","width":350,"height":200,"srcset":"https:\/\/i0.wp.com\/wolfmond-production.de\/shop\/wp-content\/uploads\/2021\/06\/278bf4f9-e3c4-4c83-ade3-c3a067a35128.png?fit=1024%2C1024&ssl=1&resize=350%2C200 1x, https:\/\/i0.wp.com\/wolfmond-production.de\/shop\/wp-content\/uploads\/2021\/06\/278bf4f9-e3c4-4c83-ade3-c3a067a35128.png?fit=1024%2C1024&ssl=1&resize=525%2C300 1.5x, https:\/\/i0.wp.com\/wolfmond-production.de\/shop\/wp-content\/uploads\/2021\/06\/278bf4f9-e3c4-4c83-ade3-c3a067a35128.png?fit=1024%2C1024&ssl=1&resize=700%2C400 2x"},"classes":[]},{"id":1199,"url":"https:\/\/wolfmond-production.de\/shop\/produkt\/czarnobog-waldseel-fognight-schattengeflecht\/","url_meta":{"origin":752,"position":5},"title":"Czarnobog\/Waldseel\/Fognight &#8211; Schattengeflecht","author":"F4uSR_285","date":"4. Juli 2021","format":false,"excerpt":"Black\/Raw\/Atmospheric\/Noise From Germany CDr Limited To 100 Copies Full Split: https:\/\/www.youtube.com\/watch?v=GENyyM5b4TQ&t=6s","rel":"","context":"\u00c4hnlicher Beitrag","block_context":{"text":"\u00c4hnlicher Beitrag","link":""},"img":{"alt_text":"","src":"https:\/\/i0.wp.com\/wolfmond-production.de\/shop\/wp-content\/uploads\/shop_media\/music\/cd_lp\/front-83-scaled.jpg?fit=1200%2C1196&ssl=1&resize=350%2C200","width":350,"height":200,"srcset":"https:\/\/i0.wp.com\/wolfmond-production.de\/shop\/wp-content\/uploads\/shop_media\/music\/cd_lp\/front-83-scaled.jpg?fit=1200%2C1196&ssl=1&resize=350%2C200 1x, https:\/\/i0.wp.com\/wolfmond-production.de\/shop\/wp-content\/uploads\/shop_media\/music\/cd_lp\/front-83-scaled.jpg?fit=1200%2C1196&ssl=1&resize=525%2C300 1.5x, https:\/\/i0.wp.com\/wolfmond-production.de\/shop\/wp-content\/uploads\/shop_media\/music\/cd_lp\/front-83-scaled.jpg?fit=1200%2C1196&ssl=1&resize=700%2C400 2x, https:\/\/i0.wp.com\/wolfmond-production.de\/shop\/wp-content\/uploads\/shop_media\/music\/cd_lp\/front-83-scaled.jpg?fit=1200%2C1196&ssl=1&resize=1050%2C600 3x"},"classes":[]}],"jetpack_sharing_enabled":true,"_links":{"self":[{"href":"https:\/\/wolfmond-production.de\/shop\/wp-json\/wp\/v2\/product\/752","targetHints":{"allow":["GET"]}}],"collection":[{"href":"https:\/\/wolfmond-production.de\/shop\/wp-json\/wp\/v2\/product"}],"about":[{"href":"https:\/\/wolfmond-production.de\/shop\/wp-json\/wp\/v2\/types\/product"}],"replies":[{"embeddable":true,"href":"https:\/\/wolfmond-production.de\/shop\/wp-json\/wp\/v2\/comments?post=752"}],"version-history":[{"count":1,"href":"https:\/\/wolfmond-production.de\/shop\/wp-json\/wp\/v2\/product\/752\/revisions"}],"predecessor-version":[{"id":8787,"href":"https:\/\/wolfmond-production.de\/shop\/wp-json\/wp\/v2\/product\/752\/revisions\/8787"}],"wp:featuredmedia":[{"embeddable":true,"href":"https:\/\/wolfmond-production.de\/shop\/wp-json\/wp\/v2\/media\/8786"}],"wp:attachment":[{"href":"https:\/\/wolfmond-production.de\/shop\/wp-json\/wp\/v2\/media?parent=752"}],"wp:term":[{"taxonomy":"product_brand","embeddable":true,"href":"https:\/\/wolfmond-production.de\/shop\/wp-json\/wp\/v2\/product_brand?post=752"},{"taxonomy":"product_cat","embeddable":true,"href":"https:\/\/wolfmond-production.de\/shop\/wp-json\/wp\/v2\/product_cat?post=752"},{"taxonomy":"product_tag","embeddable":true,"href":"https:\/\/wolfmond-production.de\/shop\/wp-json\/wp\/v2\/product_tag?post=752"}],"curies":[{"name":"wp","href":"https:\/\/api.w.org\/{rel}","templated":true}]}}