{"id":754,"date":"2021-06-29T18:30:20","date_gmt":"2021-06-29T16:30:20","guid":{"rendered":"https:\/\/wolfmond-production.de\/shop\/?post_type=product&#038;p=754"},"modified":"2026-03-24T10:25:33","modified_gmt":"2026-03-24T09:25:33","slug":"old-throne-velho-trono-demo","status":"publish","type":"product","link":"https:\/\/wolfmond-production.de\/shop\/produkt\/old-throne-velho-trono-demo\/","title":{"rendered":"Old Throne &#8211; Velho Trono (Demo)"},"content":{"rendered":"<p><img data-recalc-dims=\"1\" fetchpriority=\"high\" decoding=\"async\" class=\"alignnone size-medium wp-image-266\" src=\"https:\/\/i0.wp.com\/wolfmond-production.de\/shop\/wp-content\/uploads\/shop_media\/music\/cd_lp\/Front-33.jpg?resize=300%2C300&#038;ssl=1\" alt=\"\" width=\"300\" height=\"300\" srcset=\"https:\/\/i0.wp.com\/wolfmond-production.de\/shop\/wp-content\/uploads\/shop_media\/music\/cd_lp\/Front-33.jpg?resize=300%2C300&amp;ssl=1 300w, https:\/\/i0.wp.com\/wolfmond-production.de\/shop\/wp-content\/uploads\/shop_media\/music\/cd_lp\/Front-33.jpg?resize=100%2C100&amp;ssl=1 100w, https:\/\/i0.wp.com\/wolfmond-production.de\/shop\/wp-content\/uploads\/shop_media\/music\/cd_lp\/Front-33.jpg?resize=600%2C600&amp;ssl=1 600w, https:\/\/i0.wp.com\/wolfmond-production.de\/shop\/wp-content\/uploads\/shop_media\/music\/cd_lp\/Front-33.jpg?resize=1024%2C1024&amp;ssl=1 1024w, https:\/\/i0.wp.com\/wolfmond-production.de\/shop\/wp-content\/uploads\/shop_media\/music\/cd_lp\/Front-33.jpg?resize=150%2C150&amp;ssl=1 150w, https:\/\/i0.wp.com\/wolfmond-production.de\/shop\/wp-content\/uploads\/shop_media\/music\/cd_lp\/Front-33.jpg?resize=768%2C768&amp;ssl=1 768w, https:\/\/i0.wp.com\/wolfmond-production.de\/shop\/wp-content\/uploads\/shop_media\/music\/cd_lp\/Front-33.jpg?w=1400&amp;ssl=1 1400w\" sizes=\"(max-width: 300px) 100vw, 300px\" \/><\/p>\n<p>Black Metal From Brazil<\/p>\n<p>CDr Limited To 100 CDr Copies<\/p>\n<p>Full Demo:<\/p>\n<p><iframe title=\"Old Throne - Velho Trono (Full Demo)\" width=\"980\" height=\"551\" src=\"https:\/\/www.youtube.com\/embed\/8GbWioCmle8?start=7&#038;feature=oembed\" frameborder=\"0\" allow=\"accelerometer; autoplay; clipboard-write; encrypted-media; gyroscope; picture-in-picture\" allowfullscreen><\/iframe><\/p>\n","protected":false},"excerpt":{"rendered":"<p>Black Metal From Brazil CDr Limited To 100 CDr Copies Full Demo:<\/p>\n","protected":false},"featured_media":8668,"comment_status":"open","ping_status":"closed","template":"","meta":{"_uf_show_specific_survey":0,"_uf_disable_surveys":false,"jetpack_post_was_ever_published":false,"jetpack_publicize_message":"","jetpack_publicize_feature_enabled":true,"jetpack_social_post_already_shared":false,"jetpack_social_options":{"image_generator_settings":{"template":"highway","default_image_id":0,"font":"","enabled":false},"version":2}},"product_brand":[],"product_cat":[25,20],"product_tag":[],"class_list":{"0":"post-754","1":"product","2":"type-product","3":"status-publish","4":"has-post-thumbnail","6":"product_cat-cd","7":"product_cat-wp-release","9":"first","10":"instock","11":"shipping-taxable","12":"purchasable","13":"product-type-simple"},"aioseo_notices":[],"jetpack_publicize_connections":[],"jetpack-related-posts":[{"id":974,"url":"https:\/\/wolfmond-production.de\/shop\/produkt\/old-throne-o-odio-e-so-o-que-resta-demo-2007-wolfmond-edition-2017\/","url_meta":{"origin":754,"position":0},"title":"Old Throne &#8211; O \u00d3dio \u00e9 S\u00f3 o Que Resta (Demo 2007\/Wolfmond Edition 2017)","author":"F4uSR_285","date":"2. Juli 2021","format":false,"excerpt":"Black Metal From Brazil CDr Limited To 100 Copies Full Demo: https:\/\/www.youtube.com\/watch?v=tLBUMECrGfk&t=996s","rel":"","context":"\u00c4hnlicher Beitrag","block_context":{"text":"\u00c4hnlicher Beitrag","link":""},"img":{"alt_text":"","src":"https:\/\/i0.wp.com\/wolfmond-production.de\/shop\/wp-content\/uploads\/2021\/07\/Front-Cover-1-and-2-Old-Throne-Demo-2007-German-Edition-2017-scaled.jpg?fit=1200%2C600&ssl=1&resize=350%2C200","width":350,"height":200,"srcset":"https:\/\/i0.wp.com\/wolfmond-production.de\/shop\/wp-content\/uploads\/2021\/07\/Front-Cover-1-and-2-Old-Throne-Demo-2007-German-Edition-2017-scaled.jpg?fit=1200%2C600&ssl=1&resize=350%2C200 1x, https:\/\/i0.wp.com\/wolfmond-production.de\/shop\/wp-content\/uploads\/2021\/07\/Front-Cover-1-and-2-Old-Throne-Demo-2007-German-Edition-2017-scaled.jpg?fit=1200%2C600&ssl=1&resize=525%2C300 1.5x, https:\/\/i0.wp.com\/wolfmond-production.de\/shop\/wp-content\/uploads\/2021\/07\/Front-Cover-1-and-2-Old-Throne-Demo-2007-German-Edition-2017-scaled.jpg?fit=1200%2C600&ssl=1&resize=700%2C400 2x, https:\/\/i0.wp.com\/wolfmond-production.de\/shop\/wp-content\/uploads\/2021\/07\/Front-Cover-1-and-2-Old-Throne-Demo-2007-German-Edition-2017-scaled.jpg?fit=1200%2C600&ssl=1&resize=1050%2C600 3x"},"classes":[]},{"id":1129,"url":"https:\/\/wolfmond-production.de\/shop\/produkt\/lendas-ocultas-orgen-eugnas-demo\/","url_meta":{"origin":754,"position":1},"title":"Lendas Ocultas &#8211; Orgen Eugnas (Demo)","author":"F4uSR_285","date":"4. Juli 2021","format":false,"excerpt":"Black Metal From Brazil CDr Limited To 100 Copies Full Demo: https:\/\/www.youtube.com\/watch?v=B59wSlS4B34&t=1s","rel":"","context":"\u00c4hnlicher Beitrag","block_context":{"text":"\u00c4hnlicher Beitrag","link":""},"img":{"alt_text":"","src":"https:\/\/i0.wp.com\/wolfmond-production.de\/shop\/wp-content\/uploads\/shop_media\/music\/cd_lp\/FrontCover-1.jpg?fit=1187%2C1200&ssl=1&resize=350%2C200","width":350,"height":200,"srcset":"https:\/\/i0.wp.com\/wolfmond-production.de\/shop\/wp-content\/uploads\/shop_media\/music\/cd_lp\/FrontCover-1.jpg?fit=1187%2C1200&ssl=1&resize=350%2C200 1x, https:\/\/i0.wp.com\/wolfmond-production.de\/shop\/wp-content\/uploads\/shop_media\/music\/cd_lp\/FrontCover-1.jpg?fit=1187%2C1200&ssl=1&resize=525%2C300 1.5x, https:\/\/i0.wp.com\/wolfmond-production.de\/shop\/wp-content\/uploads\/shop_media\/music\/cd_lp\/FrontCover-1.jpg?fit=1187%2C1200&ssl=1&resize=700%2C400 2x, https:\/\/i0.wp.com\/wolfmond-production.de\/shop\/wp-content\/uploads\/shop_media\/music\/cd_lp\/FrontCover-1.jpg?fit=1187%2C1200&ssl=1&resize=1050%2C600 3x"},"classes":[]},{"id":720,"url":"https:\/\/wolfmond-production.de\/shop\/produkt\/opositor-lacrimae\/","url_meta":{"origin":754,"position":2},"title":"Opositor &#8211; Lacrimae","author":"F4uSR_285","date":"28. Juni 2021","format":false,"excerpt":"Black Metal From Brazil CDr Limited To 100 Copies Full Demo: https:\/\/www.youtube.com\/watch?v=1voUvby_wdQ&t=9s","rel":"","context":"\u00c4hnlicher Beitrag","block_context":{"text":"\u00c4hnlicher Beitrag","link":""},"img":{"alt_text":"","src":"https:\/\/i0.wp.com\/wolfmond-production.de\/shop\/wp-content\/uploads\/2021\/06\/40657c38-4c0b-4142-bc5e-b14318d764b9.png?fit=1200%2C800&ssl=1&resize=350%2C200","width":350,"height":200,"srcset":"https:\/\/i0.wp.com\/wolfmond-production.de\/shop\/wp-content\/uploads\/2021\/06\/40657c38-4c0b-4142-bc5e-b14318d764b9.png?fit=1200%2C800&ssl=1&resize=350%2C200 1x, https:\/\/i0.wp.com\/wolfmond-production.de\/shop\/wp-content\/uploads\/2021\/06\/40657c38-4c0b-4142-bc5e-b14318d764b9.png?fit=1200%2C800&ssl=1&resize=525%2C300 1.5x, https:\/\/i0.wp.com\/wolfmond-production.de\/shop\/wp-content\/uploads\/2021\/06\/40657c38-4c0b-4142-bc5e-b14318d764b9.png?fit=1200%2C800&ssl=1&resize=700%2C400 2x, https:\/\/i0.wp.com\/wolfmond-production.de\/shop\/wp-content\/uploads\/2021\/06\/40657c38-4c0b-4142-bc5e-b14318d764b9.png?fit=1200%2C800&ssl=1&resize=1050%2C600 3x"},"classes":[]},{"id":959,"url":"https:\/\/wolfmond-production.de\/shop\/produkt\/ashtavakra-also-sprach-demo\/","url_meta":{"origin":754,"position":3},"title":"Ashtavakra &#8211; Also sprach&#8230; (Demo)","author":"F4uSR_285","date":"2. Juli 2021","format":false,"excerpt":"Black Metal From Germany CDr Limited To 50 Copies Full Demo: https:\/\/www.youtube.com\/watch?v=z9Ffc8IBXSk&t=7s","rel":"","context":"\u00c4hnlicher Beitrag","block_context":{"text":"\u00c4hnlicher Beitrag","link":""},"img":{"alt_text":"","src":"https:\/\/i0.wp.com\/wolfmond-production.de\/shop\/wp-content\/uploads\/2021\/07\/001_Frontcover.jpg?fit=1200%2C1200&ssl=1&resize=350%2C200","width":350,"height":200,"srcset":"https:\/\/i0.wp.com\/wolfmond-production.de\/shop\/wp-content\/uploads\/2021\/07\/001_Frontcover.jpg?fit=1200%2C1200&ssl=1&resize=350%2C200 1x, https:\/\/i0.wp.com\/wolfmond-production.de\/shop\/wp-content\/uploads\/2021\/07\/001_Frontcover.jpg?fit=1200%2C1200&ssl=1&resize=525%2C300 1.5x, https:\/\/i0.wp.com\/wolfmond-production.de\/shop\/wp-content\/uploads\/2021\/07\/001_Frontcover.jpg?fit=1200%2C1200&ssl=1&resize=700%2C400 2x, https:\/\/i0.wp.com\/wolfmond-production.de\/shop\/wp-content\/uploads\/2021\/07\/001_Frontcover.jpg?fit=1200%2C1200&ssl=1&resize=1050%2C600 3x"},"classes":[]},{"id":1127,"url":"https:\/\/wolfmond-production.de\/shop\/produkt\/kristenslakter-hass-und-verachtung-demo\/","url_meta":{"origin":754,"position":4},"title":"Kristenslakter &#8211; Hass und Verachtung (Demo)","author":"F4uSR_285","date":"4. Juli 2021","format":false,"excerpt":"Raw Black\/Pagan Metal, Ambient From Germany CDr Limited To 100 Copies Full Demo: https:\/\/www.youtube.com\/watch?v=KujsfdwyCG0&t=1s","rel":"","context":"\u00c4hnlicher Beitrag","block_context":{"text":"\u00c4hnlicher Beitrag","link":""},"img":{"alt_text":"","src":"https:\/\/i0.wp.com\/wolfmond-production.de\/shop\/wp-content\/uploads\/shop_media\/music\/cd_lp\/Frontcover-neu.jpg?fit=1200%2C1123&ssl=1&resize=350%2C200","width":350,"height":200,"srcset":"https:\/\/i0.wp.com\/wolfmond-production.de\/shop\/wp-content\/uploads\/shop_media\/music\/cd_lp\/Frontcover-neu.jpg?fit=1200%2C1123&ssl=1&resize=350%2C200 1x, https:\/\/i0.wp.com\/wolfmond-production.de\/shop\/wp-content\/uploads\/shop_media\/music\/cd_lp\/Frontcover-neu.jpg?fit=1200%2C1123&ssl=1&resize=525%2C300 1.5x, https:\/\/i0.wp.com\/wolfmond-production.de\/shop\/wp-content\/uploads\/shop_media\/music\/cd_lp\/Frontcover-neu.jpg?fit=1200%2C1123&ssl=1&resize=700%2C400 2x, https:\/\/i0.wp.com\/wolfmond-production.de\/shop\/wp-content\/uploads\/shop_media\/music\/cd_lp\/Frontcover-neu.jpg?fit=1200%2C1123&ssl=1&resize=1050%2C600 3x"},"classes":[]},{"id":1145,"url":"https:\/\/wolfmond-production.de\/shop\/produkt\/nazghoul-cahaya-gelap-dari-timur-demo\/","url_meta":{"origin":754,"position":5},"title":"Nazghoul &#8211; Cahaya Gelap Dari Timur (Demo)","author":"F4uSR_285","date":"4. Juli 2021","format":false,"excerpt":"Black Metal From Indonesia CDr Limited To 100 Copies Full Demo: https:\/\/www.youtube.com\/watch?v=XIlLqMadavo&t=1s","rel":"","context":"\u00c4hnlicher Beitrag","block_context":{"text":"\u00c4hnlicher Beitrag","link":""},"img":{"alt_text":"","src":"https:\/\/i0.wp.com\/wolfmond-production.de\/shop\/wp-content\/uploads\/2021\/07\/c79ab638-7d67-444c-9239-619f5b2fd602.png?fit=1200%2C800&ssl=1&resize=350%2C200","width":350,"height":200,"srcset":"https:\/\/i0.wp.com\/wolfmond-production.de\/shop\/wp-content\/uploads\/2021\/07\/c79ab638-7d67-444c-9239-619f5b2fd602.png?fit=1200%2C800&ssl=1&resize=350%2C200 1x, https:\/\/i0.wp.com\/wolfmond-production.de\/shop\/wp-content\/uploads\/2021\/07\/c79ab638-7d67-444c-9239-619f5b2fd602.png?fit=1200%2C800&ssl=1&resize=525%2C300 1.5x, https:\/\/i0.wp.com\/wolfmond-production.de\/shop\/wp-content\/uploads\/2021\/07\/c79ab638-7d67-444c-9239-619f5b2fd602.png?fit=1200%2C800&ssl=1&resize=700%2C400 2x, https:\/\/i0.wp.com\/wolfmond-production.de\/shop\/wp-content\/uploads\/2021\/07\/c79ab638-7d67-444c-9239-619f5b2fd602.png?fit=1200%2C800&ssl=1&resize=1050%2C600 3x"},"classes":[]}],"jetpack_sharing_enabled":true,"_links":{"self":[{"href":"https:\/\/wolfmond-production.de\/shop\/wp-json\/wp\/v2\/product\/754","targetHints":{"allow":["GET"]}}],"collection":[{"href":"https:\/\/wolfmond-production.de\/shop\/wp-json\/wp\/v2\/product"}],"about":[{"href":"https:\/\/wolfmond-production.de\/shop\/wp-json\/wp\/v2\/types\/product"}],"replies":[{"embeddable":true,"href":"https:\/\/wolfmond-production.de\/shop\/wp-json\/wp\/v2\/comments?post=754"}],"version-history":[{"count":0,"href":"https:\/\/wolfmond-production.de\/shop\/wp-json\/wp\/v2\/product\/754\/revisions"}],"wp:featuredmedia":[{"embeddable":true,"href":"https:\/\/wolfmond-production.de\/shop\/wp-json\/wp\/v2\/media\/8668"}],"wp:attachment":[{"href":"https:\/\/wolfmond-production.de\/shop\/wp-json\/wp\/v2\/media?parent=754"}],"wp:term":[{"taxonomy":"product_brand","embeddable":true,"href":"https:\/\/wolfmond-production.de\/shop\/wp-json\/wp\/v2\/product_brand?post=754"},{"taxonomy":"product_cat","embeddable":true,"href":"https:\/\/wolfmond-production.de\/shop\/wp-json\/wp\/v2\/product_cat?post=754"},{"taxonomy":"product_tag","embeddable":true,"href":"https:\/\/wolfmond-production.de\/shop\/wp-json\/wp\/v2\/product_tag?post=754"}],"curies":[{"name":"wp","href":"https:\/\/api.w.org\/{rel}","templated":true}]}}