{"id":8612,"date":"2026-02-25T17:59:42","date_gmt":"2026-02-25T16:59:42","guid":{"rendered":"https:\/\/wolfmond-production.de\/shop\/?post_type=product&#038;p=8612"},"modified":"2026-03-23T09:11:33","modified_gmt":"2026-03-23T08:11:33","slug":"hautaveri-haenen-kylmaen-myrskynsae-airut-demo","status":"publish","type":"product","link":"https:\/\/wolfmond-production.de\/shop\/produkt\/hautaveri-haenen-kylmaen-myrskynsae-airut-demo\/","title":{"rendered":"Hautaveri &#8211; H\u00e4nen kylm\u00e4n myrskyns\u00e4 airut (Demo)"},"content":{"rendered":"<p><img data-recalc-dims=\"1\" fetchpriority=\"high\" decoding=\"async\" class=\"alignnone size-full wp-image-8613\" src=\"https:\/\/i0.wp.com\/wolfmond-production.de\/shop\/wp-content\/uploads\/2026\/02\/Hautaveri-Haenen-kylmaen-myrskynsae-airut-Demo.jpg?resize=300%2C168&#038;ssl=1\" alt=\"\" width=\"300\" height=\"168\" srcset=\"https:\/\/i0.wp.com\/wolfmond-production.de\/shop\/wp-content\/uploads\/2026\/02\/Hautaveri-Haenen-kylmaen-myrskynsae-airut-Demo.jpg?w=300&amp;ssl=1 300w, https:\/\/i0.wp.com\/wolfmond-production.de\/shop\/wp-content\/uploads\/2026\/02\/Hautaveri-Haenen-kylmaen-myrskynsae-airut-Demo.jpg?resize=210%2C118&amp;ssl=1 210w\" sizes=\"(max-width: 300px) 100vw, 300px\" \/><\/p>\n","protected":false},"excerpt":{"rendered":"<p>Black Metal From Finland<\/p>\n<p>CD Limited To 300 Copies<\/p>\n<p>https:\/\/www.youtube.com\/watch?v=ujgkMvt0jSk<\/p>\n<p>Hersteller\/Vertreter:<\/p>\n<p>Underworld Echoes Records<\/p>\n<p>Patitiri 1<\/p>\n<p>37005 Alonnisos\/Greece<\/p>\n","protected":false},"featured_media":8613,"comment_status":"open","ping_status":"closed","template":"","meta":{"_uf_show_specific_survey":0,"_uf_disable_surveys":false,"jetpack_post_was_ever_published":false,"jetpack_publicize_message":"","jetpack_publicize_feature_enabled":true,"jetpack_social_post_already_shared":true,"jetpack_social_options":{"image_generator_settings":{"template":"highway","default_image_id":0,"font":"","enabled":false},"version":2}},"product_brand":[],"product_cat":[25],"product_tag":[],"class_list":{"0":"post-8612","1":"product","2":"type-product","3":"status-publish","4":"has-post-thumbnail","6":"product_cat-cd","8":"first","9":"instock","10":"shipping-taxable","11":"purchasable","12":"product-type-simple"},"aioseo_notices":[],"jetpack_publicize_connections":[],"jetpack-related-posts":[],"jetpack_sharing_enabled":true,"_links":{"self":[{"href":"https:\/\/wolfmond-production.de\/shop\/wp-json\/wp\/v2\/product\/8612","targetHints":{"allow":["GET"]}}],"collection":[{"href":"https:\/\/wolfmond-production.de\/shop\/wp-json\/wp\/v2\/product"}],"about":[{"href":"https:\/\/wolfmond-production.de\/shop\/wp-json\/wp\/v2\/types\/product"}],"replies":[{"embeddable":true,"href":"https:\/\/wolfmond-production.de\/shop\/wp-json\/wp\/v2\/comments?post=8612"}],"version-history":[{"count":2,"href":"https:\/\/wolfmond-production.de\/shop\/wp-json\/wp\/v2\/product\/8612\/revisions"}],"predecessor-version":[{"id":8635,"href":"https:\/\/wolfmond-production.de\/shop\/wp-json\/wp\/v2\/product\/8612\/revisions\/8635"}],"wp:featuredmedia":[{"embeddable":true,"href":"https:\/\/wolfmond-production.de\/shop\/wp-json\/wp\/v2\/media\/8613"}],"wp:attachment":[{"href":"https:\/\/wolfmond-production.de\/shop\/wp-json\/wp\/v2\/media?parent=8612"}],"wp:term":[{"taxonomy":"product_brand","embeddable":true,"href":"https:\/\/wolfmond-production.de\/shop\/wp-json\/wp\/v2\/product_brand?post=8612"},{"taxonomy":"product_cat","embeddable":true,"href":"https:\/\/wolfmond-production.de\/shop\/wp-json\/wp\/v2\/product_cat?post=8612"},{"taxonomy":"product_tag","embeddable":true,"href":"https:\/\/wolfmond-production.de\/shop\/wp-json\/wp\/v2\/product_tag?post=8612"}],"curies":[{"name":"wp","href":"https:\/\/api.w.org\/{rel}","templated":true}]}}