{"id":8618,"date":"2026-02-25T18:10:39","date_gmt":"2026-02-25T17:10:39","guid":{"rendered":"https:\/\/wolfmond-production.de\/shop\/?post_type=product&#038;p=8618"},"modified":"2026-02-28T11:46:45","modified_gmt":"2026-02-28T10:46:45","slug":"jletylishie-alvorecer-de-ultima-hora","status":"publish","type":"product","link":"https:\/\/wolfmond-production.de\/shop\/produkt\/jletylishie-alvorecer-de-ultima-hora\/","title":{"rendered":"Jletylishie &#8211; Alvorecer De \u00daltima Hora"},"content":{"rendered":"<p><img data-recalc-dims=\"1\" fetchpriority=\"high\" decoding=\"async\" class=\"alignnone size-full wp-image-8619\" src=\"https:\/\/i0.wp.com\/wolfmond-production.de\/shop\/wp-content\/uploads\/2026\/02\/Jletylishie-Alvorecer-De-Ultima-Hora.jpg?resize=225%2C225&#038;ssl=1\" alt=\"\" width=\"225\" height=\"225\" srcset=\"https:\/\/i0.wp.com\/wolfmond-production.de\/shop\/wp-content\/uploads\/2026\/02\/Jletylishie-Alvorecer-De-Ultima-Hora.jpg?w=225&amp;ssl=1 225w, https:\/\/i0.wp.com\/wolfmond-production.de\/shop\/wp-content\/uploads\/2026\/02\/Jletylishie-Alvorecer-De-Ultima-Hora.jpg?resize=150%2C150&amp;ssl=1 150w, https:\/\/i0.wp.com\/wolfmond-production.de\/shop\/wp-content\/uploads\/2026\/02\/Jletylishie-Alvorecer-De-Ultima-Hora.jpg?resize=210%2C210&amp;ssl=1 210w, https:\/\/i0.wp.com\/wolfmond-production.de\/shop\/wp-content\/uploads\/2026\/02\/Jletylishie-Alvorecer-De-Ultima-Hora.jpg?resize=100%2C100&amp;ssl=1 100w\" sizes=\"(max-width: 225px) 100vw, 225px\" \/><\/p>\n","protected":false},"excerpt":{"rendered":"<p class=\"style-scope ytd-watch-metadata\">Atmospheric\/Post-Black Metal From Brazil<\/p>\n<div class=\"product-short-description\">\n<p>Immerse yourself in the chilling depths of atmospheric post-black metal, where melancholic soundscapes merge with raw, introspective fury. This album is a journey through shadowed expanses and fragile moments of light, delivering a powerful experience of intense, emotional blackgaze.<\/p>\n<p>Limited to 100 copies.<\/p>\n<p>https:\/\/www.youtube.com\/watch?v=npDMWuqA1oQ&amp;t=867s<\/p>\n<p>Hersteller\/Vertreter:<\/p>\n<p>Underworld Echoes Records<\/p>\n<p>Patitiri 1<\/p>\n<p>37005 Alonnisos\/Greece<\/p>\n<\/div>\n","protected":false},"featured_media":8619,"comment_status":"open","ping_status":"closed","template":"","meta":{"_uf_show_specific_survey":0,"_uf_disable_surveys":false,"jetpack_post_was_ever_published":false,"jetpack_publicize_message":"","jetpack_publicize_feature_enabled":true,"jetpack_social_post_already_shared":true,"jetpack_social_options":{"image_generator_settings":{"template":"highway","default_image_id":0,"font":"","enabled":false},"version":2}},"product_brand":[],"product_cat":[25],"product_tag":[],"class_list":{"0":"post-8618","1":"product","2":"type-product","3":"status-publish","4":"has-post-thumbnail","6":"product_cat-cd","8":"first","9":"instock","10":"shipping-taxable","11":"purchasable","12":"product-type-simple"},"aioseo_notices":[],"jetpack_publicize_connections":[],"jetpack-related-posts":[{"id":1264,"url":"https:\/\/wolfmond-production.de\/shop\/produkt\/eall-setekh-of-pale-mists-and-fading-stars\/","url_meta":{"origin":8618,"position":0},"title":"Eall\/Setekh &#8211; Of Pale Mists And Fading Stars","author":"F4uSR_285","date":"4. Juli 2021","format":false,"excerpt":"Eall: Atmospheric\/Post-Black Metal From France Setekh: Atmospheric Black Metal\/Dark Ambient From USA CDr Limited To 100 Copies Full Split: https:\/\/www.youtube.com\/watch?v=tk5wGL3hUhg&t=2s","rel":"","context":"\u00c4hnlicher Beitrag","block_context":{"text":"\u00c4hnlicher Beitrag","link":""},"img":{"alt_text":"","src":"https:\/\/i0.wp.com\/wolfmond-production.de\/shop\/wp-content\/uploads\/shop_media\/music\/cd_lp\/front-cover.png?fit=1200%2C1200&ssl=1&resize=350%2C200","width":350,"height":200,"srcset":"https:\/\/i0.wp.com\/wolfmond-production.de\/shop\/wp-content\/uploads\/shop_media\/music\/cd_lp\/front-cover.png?fit=1200%2C1200&ssl=1&resize=350%2C200 1x, https:\/\/i0.wp.com\/wolfmond-production.de\/shop\/wp-content\/uploads\/shop_media\/music\/cd_lp\/front-cover.png?fit=1200%2C1200&ssl=1&resize=525%2C300 1.5x, https:\/\/i0.wp.com\/wolfmond-production.de\/shop\/wp-content\/uploads\/shop_media\/music\/cd_lp\/front-cover.png?fit=1200%2C1200&ssl=1&resize=700%2C400 2x, https:\/\/i0.wp.com\/wolfmond-production.de\/shop\/wp-content\/uploads\/shop_media\/music\/cd_lp\/front-cover.png?fit=1200%2C1200&ssl=1&resize=1050%2C600 3x"},"classes":[]},{"id":2636,"url":"https:\/\/wolfmond-production.de\/shop\/produkt\/hwaeder-of-murk-skies-and-withering-mountains\/","url_meta":{"origin":8618,"position":1},"title":"Hw\u00e6der &#8211; Of Murk Skies And Withering Mountains","author":"F4uSR_285","date":"19. November 2021","format":false,"excerpt":"Atmospheric Post-Black Metal From Spain Limited To 500 Copies https:\/\/www.youtube.com\/watch?v=OqqvEjyT-m0","rel":"","context":"\u00c4hnlicher Beitrag","block_context":{"text":"\u00c4hnlicher Beitrag","link":""},"img":{"alt_text":"","src":"https:\/\/i0.wp.com\/wolfmond-production.de\/shop\/wp-content\/uploads\/shop_media\/music\/cd_lp\/Hwaeder-%E2%80%8E%E2%80%93-Of-Murk-Skies-And-Withering-Mountains.jpg?resize=350%2C200&ssl=1","width":350,"height":200},"classes":[]},{"id":8714,"url":"https:\/\/wolfmond-production.de\/shop\/produkt\/aesthete-a-ritual-for-demons-lost-in-the-forest-pre-order\/","url_meta":{"origin":8618,"position":2},"title":"Aesthete &#8211; A Ritual for Demons Lost in the Forest (Pre-Order)","author":"F4uSR_285","date":"6. M\u00e4rz 2026","format":false,"excerpt":"Atmospheric Black Metal From EL Salvador CD Limited To 100 Copies. From the shadows of Central America rises a new dark entity. AESTHETE (El Salvador) \u201cA Ritual for Demons Lost in the Forest\u201d A cold and haunting journey into atmospheric black metal, drenched in nocturnal mysticism, forest rituals and occult\u2026","rel":"","context":"\u00c4hnlicher Beitrag","block_context":{"text":"\u00c4hnlicher Beitrag","link":""},"img":{"alt_text":"","src":"https:\/\/i0.wp.com\/wolfmond-production.de\/shop\/wp-content\/uploads\/2026\/03\/97cf761a-4aed-417c-b7df-b139196278a9-2.png?fit=1200%2C800&ssl=1&resize=350%2C200","width":350,"height":200,"srcset":"https:\/\/i0.wp.com\/wolfmond-production.de\/shop\/wp-content\/uploads\/2026\/03\/97cf761a-4aed-417c-b7df-b139196278a9-2.png?fit=1200%2C800&ssl=1&resize=350%2C200 1x, https:\/\/i0.wp.com\/wolfmond-production.de\/shop\/wp-content\/uploads\/2026\/03\/97cf761a-4aed-417c-b7df-b139196278a9-2.png?fit=1200%2C800&ssl=1&resize=525%2C300 1.5x, https:\/\/i0.wp.com\/wolfmond-production.de\/shop\/wp-content\/uploads\/2026\/03\/97cf761a-4aed-417c-b7df-b139196278a9-2.png?fit=1200%2C800&ssl=1&resize=700%2C400 2x, https:\/\/i0.wp.com\/wolfmond-production.de\/shop\/wp-content\/uploads\/2026\/03\/97cf761a-4aed-417c-b7df-b139196278a9-2.png?fit=1200%2C800&ssl=1&resize=1050%2C600 3x"},"classes":[]},{"id":1197,"url":"https:\/\/wolfmond-production.de\/shop\/produkt\/nicrotek-hellvete-the-night-of-glory\/","url_meta":{"origin":8618,"position":3},"title":"Nicrotek\/Hellvete &#8211; The Night Of Glory","author":"F4uSR_285","date":"4. Juli 2021","format":false,"excerpt":"Nicrotek: Atmospheric Black Metal\/Ambient From Indonesia Hellvete: Black Metal From Indonesia CDr Limited To 100 Copies Full Split: https:\/\/www.youtube.com\/watch?v=CUM-UeVmOSk&t=9s","rel":"","context":"\u00c4hnlicher Beitrag","block_context":{"text":"\u00c4hnlicher Beitrag","link":""},"img":{"alt_text":"","src":"https:\/\/i0.wp.com\/wolfmond-production.de\/shop\/wp-content\/uploads\/2021\/07\/b5c68bd6-f8e8-4b13-8495-ec8d39ba3cc7.png?fit=1200%2C800&ssl=1&resize=350%2C200","width":350,"height":200,"srcset":"https:\/\/i0.wp.com\/wolfmond-production.de\/shop\/wp-content\/uploads\/2021\/07\/b5c68bd6-f8e8-4b13-8495-ec8d39ba3cc7.png?fit=1200%2C800&ssl=1&resize=350%2C200 1x, https:\/\/i0.wp.com\/wolfmond-production.de\/shop\/wp-content\/uploads\/2021\/07\/b5c68bd6-f8e8-4b13-8495-ec8d39ba3cc7.png?fit=1200%2C800&ssl=1&resize=525%2C300 1.5x, https:\/\/i0.wp.com\/wolfmond-production.de\/shop\/wp-content\/uploads\/2021\/07\/b5c68bd6-f8e8-4b13-8495-ec8d39ba3cc7.png?fit=1200%2C800&ssl=1&resize=700%2C400 2x, https:\/\/i0.wp.com\/wolfmond-production.de\/shop\/wp-content\/uploads\/2021\/07\/b5c68bd6-f8e8-4b13-8495-ec8d39ba3cc7.png?fit=1200%2C800&ssl=1&resize=1050%2C600 3x"},"classes":[]},{"id":1070,"url":"https:\/\/wolfmond-production.de\/shop\/produkt\/mornie-utulie-darlament-norvadian-atmospheric-black-metal\/","url_meta":{"origin":8618,"position":4},"title":"Morn\u00ed\u00eb Utul\u00ed\u00eb &#8211; Darlament Norvadian Atmospheric Black Metal","author":"F4uSR_285","date":"3. Juli 2021","format":false,"excerpt":"Atmospheric Black Metal\/Black Metal From Poland and El Salvador CDr Limited To 100 Copies Full Split: https:\/\/www.youtube.com\/watch?v=o5WA1sN6Dtk&t=7s","rel":"","context":"\u00c4hnlicher Beitrag","block_context":{"text":"\u00c4hnlicher Beitrag","link":""},"img":{"alt_text":"","src":"https:\/\/i0.wp.com\/wolfmond-production.de\/shop\/wp-content\/uploads\/2021\/07\/4940ab5e-6812-4272-a78c-7cc1c15c1c66.png?fit=1200%2C800&ssl=1&resize=350%2C200","width":350,"height":200,"srcset":"https:\/\/i0.wp.com\/wolfmond-production.de\/shop\/wp-content\/uploads\/2021\/07\/4940ab5e-6812-4272-a78c-7cc1c15c1c66.png?fit=1200%2C800&ssl=1&resize=350%2C200 1x, https:\/\/i0.wp.com\/wolfmond-production.de\/shop\/wp-content\/uploads\/2021\/07\/4940ab5e-6812-4272-a78c-7cc1c15c1c66.png?fit=1200%2C800&ssl=1&resize=525%2C300 1.5x, https:\/\/i0.wp.com\/wolfmond-production.de\/shop\/wp-content\/uploads\/2021\/07\/4940ab5e-6812-4272-a78c-7cc1c15c1c66.png?fit=1200%2C800&ssl=1&resize=700%2C400 2x, https:\/\/i0.wp.com\/wolfmond-production.de\/shop\/wp-content\/uploads\/2021\/07\/4940ab5e-6812-4272-a78c-7cc1c15c1c66.png?fit=1200%2C800&ssl=1&resize=1050%2C600 3x"},"classes":[]},{"id":1783,"url":"https:\/\/wolfmond-production.de\/shop\/produkt\/frigoris-wind\/","url_meta":{"origin":8618,"position":5},"title":"Frigoris &#8211; Wind","author":"F4uSR_285","date":"1. August 2021","format":false,"excerpt":"Pagan\/Black Metal\/Atmospheric\/Post-Black Metal From Germany https:\/\/www.youtube.com\/watch?v=7AczSnY-e_Y","rel":"","context":"\u00c4hnlicher Beitrag","block_context":{"text":"\u00c4hnlicher Beitrag","link":""},"img":{"alt_text":"","src":"https:\/\/i0.wp.com\/wolfmond-production.de\/shop\/wp-content\/uploads\/shop_media\/music\/cd_lp\/Frigoris-Wind.jpg?resize=350%2C200&ssl=1","width":350,"height":200},"classes":[]}],"jetpack_sharing_enabled":true,"_links":{"self":[{"href":"https:\/\/wolfmond-production.de\/shop\/wp-json\/wp\/v2\/product\/8618","targetHints":{"allow":["GET"]}}],"collection":[{"href":"https:\/\/wolfmond-production.de\/shop\/wp-json\/wp\/v2\/product"}],"about":[{"href":"https:\/\/wolfmond-production.de\/shop\/wp-json\/wp\/v2\/types\/product"}],"replies":[{"embeddable":true,"href":"https:\/\/wolfmond-production.de\/shop\/wp-json\/wp\/v2\/comments?post=8618"}],"version-history":[{"count":2,"href":"https:\/\/wolfmond-production.de\/shop\/wp-json\/wp\/v2\/product\/8618\/revisions"}],"predecessor-version":[{"id":8637,"href":"https:\/\/wolfmond-production.de\/shop\/wp-json\/wp\/v2\/product\/8618\/revisions\/8637"}],"wp:featuredmedia":[{"embeddable":true,"href":"https:\/\/wolfmond-production.de\/shop\/wp-json\/wp\/v2\/media\/8619"}],"wp:attachment":[{"href":"https:\/\/wolfmond-production.de\/shop\/wp-json\/wp\/v2\/media?parent=8618"}],"wp:term":[{"taxonomy":"product_brand","embeddable":true,"href":"https:\/\/wolfmond-production.de\/shop\/wp-json\/wp\/v2\/product_brand?post=8618"},{"taxonomy":"product_cat","embeddable":true,"href":"https:\/\/wolfmond-production.de\/shop\/wp-json\/wp\/v2\/product_cat?post=8618"},{"taxonomy":"product_tag","embeddable":true,"href":"https:\/\/wolfmond-production.de\/shop\/wp-json\/wp\/v2\/product_tag?post=8618"}],"curies":[{"name":"wp","href":"https:\/\/api.w.org\/{rel}","templated":true}]}}