{"id":968,"date":"2021-07-02T16:34:47","date_gmt":"2021-07-02T14:34:47","guid":{"rendered":"https:\/\/wolfmond-production.de\/shop\/?post_type=product&#038;p=968"},"modified":"2026-04-12T20:08:21","modified_gmt":"2026-04-12T18:08:21","slug":"draugul-antiquus-scriptum-den-nordiske-sjel-lever-i-meg-a-tribute-to-the-gods","status":"publish","type":"product","link":"https:\/\/wolfmond-production.de\/shop\/produkt\/draugul-antiquus-scriptum-den-nordiske-sjel-lever-i-meg-a-tribute-to-the-gods\/","title":{"rendered":"Draug\u00fbl\/Antiquus Scriptum &#8211; Den Nordiske Sjel Lever I Meg (A Tribute To The Gods)"},"content":{"rendered":"<p><img data-recalc-dims=\"1\" fetchpriority=\"high\" decoding=\"async\" class=\"alignnone size-medium wp-image-305\" src=\"https:\/\/i0.wp.com\/wolfmond-production.de\/shop\/wp-content\/uploads\/shop_media\/music\/cd_lp\/front-klein-3.jpg?resize=300%2C300&#038;ssl=1\" alt=\"\" width=\"300\" height=\"300\" srcset=\"https:\/\/i0.wp.com\/wolfmond-production.de\/shop\/wp-content\/uploads\/shop_media\/music\/cd_lp\/front-klein-3.jpg?resize=300%2C300&amp;ssl=1 300w, https:\/\/i0.wp.com\/wolfmond-production.de\/shop\/wp-content\/uploads\/shop_media\/music\/cd_lp\/front-klein-3.jpg?resize=100%2C100&amp;ssl=1 100w, https:\/\/i0.wp.com\/wolfmond-production.de\/shop\/wp-content\/uploads\/shop_media\/music\/cd_lp\/front-klein-3.jpg?resize=600%2C600&amp;ssl=1 600w, https:\/\/i0.wp.com\/wolfmond-production.de\/shop\/wp-content\/uploads\/shop_media\/music\/cd_lp\/front-klein-3.jpg?resize=1024%2C1024&amp;ssl=1 1024w, https:\/\/i0.wp.com\/wolfmond-production.de\/shop\/wp-content\/uploads\/shop_media\/music\/cd_lp\/front-klein-3.jpg?resize=150%2C150&amp;ssl=1 150w, https:\/\/i0.wp.com\/wolfmond-production.de\/shop\/wp-content\/uploads\/shop_media\/music\/cd_lp\/front-klein-3.jpg?resize=768%2C768&amp;ssl=1 768w, https:\/\/i0.wp.com\/wolfmond-production.de\/shop\/wp-content\/uploads\/shop_media\/music\/cd_lp\/front-klein-3.jpg?w=1400&amp;ssl=1 1400w\" sizes=\"(max-width: 300px) 100vw, 300px\" \/><\/p>\n","protected":false},"excerpt":{"rendered":"<p><span class=\"style-scope yt-formatted-string\" dir=\"auto\">Draug\u00fbl: Epic Viking\/Black Metal From Malta (Early) Sweden (Now) <\/span><\/p>\n<p><span class=\"style-scope yt-formatted-string\" dir=\"auto\">Antiquus Scriptum: Black\/Viking\/Heavy Metal From Portugal <\/span><\/p>\n<p>CDr Limited To 300 Copies<\/p>\n<p>Full Split:<\/p>\n<p>https:\/\/www.youtube.com\/watch?v=JRBMgTYR2t4&amp;t=338s<\/p>\n","protected":false},"featured_media":8841,"comment_status":"open","ping_status":"closed","template":"","meta":{"_uf_show_specific_survey":0,"_uf_disable_surveys":false,"jetpack_post_was_ever_published":false,"jetpack_publicize_message":"","jetpack_publicize_feature_enabled":true,"jetpack_social_post_already_shared":false,"jetpack_social_options":{"image_generator_settings":{"template":"highway","default_image_id":0,"font":"","enabled":false},"version":2}},"product_brand":[],"product_cat":[25,20],"product_tag":[],"class_list":{"0":"post-968","1":"product","2":"type-product","3":"status-publish","4":"has-post-thumbnail","6":"product_cat-cd","7":"product_cat-wp-release","9":"first","10":"instock","11":"sale","12":"shipping-taxable","13":"purchasable","14":"product-type-simple"},"aioseo_notices":[],"jetpack_publicize_connections":[],"jetpack-related-posts":[{"id":1096,"url":"https:\/\/wolfmond-production.de\/shop\/produkt\/antiquus-scriptum-abi-in-malam\/","url_meta":{"origin":968,"position":0},"title":"Antiquus Scriptum &#8211; Abi In Malam","author":"F4uSR_285","date":"4. Juli 2021","format":false,"excerpt":"Black\/Viking Metal, Ambient From Portugal CDr Limited To 100 Copies Full Album: https:\/\/www.youtube.com\/watch?v=bBpAlf0w3YI","rel":"","context":"\u00c4hnlicher Beitrag","block_context":{"text":"\u00c4hnlicher Beitrag","link":""},"img":{"alt_text":"","src":"https:\/\/i0.wp.com\/wolfmond-production.de\/shop\/wp-content\/uploads\/shop_media\/music\/cd_lp\/01-1.jpg?fit=1200%2C1200&ssl=1&resize=350%2C200","width":350,"height":200,"srcset":"https:\/\/i0.wp.com\/wolfmond-production.de\/shop\/wp-content\/uploads\/shop_media\/music\/cd_lp\/01-1.jpg?fit=1200%2C1200&ssl=1&resize=350%2C200 1x, https:\/\/i0.wp.com\/wolfmond-production.de\/shop\/wp-content\/uploads\/shop_media\/music\/cd_lp\/01-1.jpg?fit=1200%2C1200&ssl=1&resize=525%2C300 1.5x, https:\/\/i0.wp.com\/wolfmond-production.de\/shop\/wp-content\/uploads\/shop_media\/music\/cd_lp\/01-1.jpg?fit=1200%2C1200&ssl=1&resize=700%2C400 2x, https:\/\/i0.wp.com\/wolfmond-production.de\/shop\/wp-content\/uploads\/shop_media\/music\/cd_lp\/01-1.jpg?fit=1200%2C1200&ssl=1&resize=1050%2C600 3x"},"classes":[]},{"id":1060,"url":"https:\/\/wolfmond-production.de\/shop\/produkt\/antiquus-scriptum-conclamatum-est\/","url_meta":{"origin":968,"position":1},"title":"Antiquus Scriptum &#8211; Conclamatum Est","author":"F4uSR_285","date":"3. Juli 2021","format":false,"excerpt":"Black\/Viking Metal, Ambient From Portugal CDr Limited To 100 Copies Full Album: https:\/\/www.youtube.com\/watch?v=yHX8ZJd0aZk","rel":"","context":"\u00c4hnlicher Beitrag","block_context":{"text":"\u00c4hnlicher Beitrag","link":""},"img":{"alt_text":"","src":"https:\/\/i0.wp.com\/wolfmond-production.de\/shop\/wp-content\/uploads\/2021\/07\/1deb239e-0397-4590-b79f-61492ee55b8e.png?fit=1200%2C800&ssl=1&resize=350%2C200","width":350,"height":200,"srcset":"https:\/\/i0.wp.com\/wolfmond-production.de\/shop\/wp-content\/uploads\/2021\/07\/1deb239e-0397-4590-b79f-61492ee55b8e.png?fit=1200%2C800&ssl=1&resize=350%2C200 1x, https:\/\/i0.wp.com\/wolfmond-production.de\/shop\/wp-content\/uploads\/2021\/07\/1deb239e-0397-4590-b79f-61492ee55b8e.png?fit=1200%2C800&ssl=1&resize=525%2C300 1.5x, https:\/\/i0.wp.com\/wolfmond-production.de\/shop\/wp-content\/uploads\/2021\/07\/1deb239e-0397-4590-b79f-61492ee55b8e.png?fit=1200%2C800&ssl=1&resize=700%2C400 2x, https:\/\/i0.wp.com\/wolfmond-production.de\/shop\/wp-content\/uploads\/2021\/07\/1deb239e-0397-4590-b79f-61492ee55b8e.png?fit=1200%2C800&ssl=1&resize=1050%2C600 3x"},"classes":[]},{"id":1076,"url":"https:\/\/wolfmond-production.de\/shop\/produkt\/antiquus-scriptum-immortalis-factus\/","url_meta":{"origin":968,"position":2},"title":"Antiquus Scriptum &#8211; Immortalis Factus","author":"F4uSR_285","date":"3. Juli 2021","format":false,"excerpt":"Black\/Viking Metal, Ambient From Portugal CDr Limited To 100 Copies Full Album: https:\/\/www.youtube.com\/watch?v=OOMufQ3iHJI&t=1s","rel":"","context":"\u00c4hnlicher Beitrag","block_context":{"text":"\u00c4hnlicher Beitrag","link":""},"img":{"alt_text":"","src":"https:\/\/i0.wp.com\/wolfmond-production.de\/shop\/wp-content\/uploads\/2021\/07\/85c66129-0bad-48bd-b7e2-267df17faa1c.png?fit=1200%2C800&ssl=1&resize=350%2C200","width":350,"height":200,"srcset":"https:\/\/i0.wp.com\/wolfmond-production.de\/shop\/wp-content\/uploads\/2021\/07\/85c66129-0bad-48bd-b7e2-267df17faa1c.png?fit=1200%2C800&ssl=1&resize=350%2C200 1x, https:\/\/i0.wp.com\/wolfmond-production.de\/shop\/wp-content\/uploads\/2021\/07\/85c66129-0bad-48bd-b7e2-267df17faa1c.png?fit=1200%2C800&ssl=1&resize=525%2C300 1.5x, https:\/\/i0.wp.com\/wolfmond-production.de\/shop\/wp-content\/uploads\/2021\/07\/85c66129-0bad-48bd-b7e2-267df17faa1c.png?fit=1200%2C800&ssl=1&resize=700%2C400 2x, https:\/\/i0.wp.com\/wolfmond-production.de\/shop\/wp-content\/uploads\/2021\/07\/85c66129-0bad-48bd-b7e2-267df17faa1c.png?fit=1200%2C800&ssl=1&resize=1050%2C600 3x"},"classes":[]},{"id":1002,"url":"https:\/\/wolfmond-production.de\/shop\/produkt\/antiquus-scriptum-xerion-parabolas-fantasias-quimeras-unha-alianza-lusitana-e-galega-de-honra-e-sangue\/","url_meta":{"origin":968,"position":3},"title":"Antiquus Scriptum\/Xeri\u00f3n&#8230; Par\u00e1bolas, Fantas\u00edas &amp; Quimeras&#8230; (Unha Alianza Lusitana e Galega de Honra e Sangue)","author":"F4uSR_285","date":"2. Juli 2021","format":false,"excerpt":"Black\/Viking Metal, Ambient From Portugal (Antiquus Scriptum) Black Metal From Spain (Xeri\u00f3n) CDr Limited To 300 Copies Full Split: https:\/\/www.youtube.com\/watch?v=73jh2ssomy4","rel":"","context":"\u00c4hnlicher Beitrag","block_context":{"text":"\u00c4hnlicher Beitrag","link":""},"img":{"alt_text":"","src":"https:\/\/i0.wp.com\/wolfmond-production.de\/shop\/wp-content\/uploads\/2021\/07\/abfbe003-c686-4cdb-90bd-d52348705b98.png?fit=1200%2C800&ssl=1&resize=350%2C200","width":350,"height":200,"srcset":"https:\/\/i0.wp.com\/wolfmond-production.de\/shop\/wp-content\/uploads\/2021\/07\/abfbe003-c686-4cdb-90bd-d52348705b98.png?fit=1200%2C800&ssl=1&resize=350%2C200 1x, https:\/\/i0.wp.com\/wolfmond-production.de\/shop\/wp-content\/uploads\/2021\/07\/abfbe003-c686-4cdb-90bd-d52348705b98.png?fit=1200%2C800&ssl=1&resize=525%2C300 1.5x, https:\/\/i0.wp.com\/wolfmond-production.de\/shop\/wp-content\/uploads\/2021\/07\/abfbe003-c686-4cdb-90bd-d52348705b98.png?fit=1200%2C800&ssl=1&resize=700%2C400 2x, https:\/\/i0.wp.com\/wolfmond-production.de\/shop\/wp-content\/uploads\/2021\/07\/abfbe003-c686-4cdb-90bd-d52348705b98.png?fit=1200%2C800&ssl=1&resize=1050%2C600 3x"},"classes":[]},{"id":1039,"url":"https:\/\/wolfmond-production.de\/shop\/produkt\/antiquus-scriptum-ars-longa-vita-brevis\/","url_meta":{"origin":968,"position":4},"title":"Antiquus Scriptum &#8211; Ars Longa, Vita Brevis","author":"F4uSR_285","date":"3. Juli 2021","format":false,"excerpt":"Black\/Viking Metal, Ambient From Portugal CDr Limited To 100 Copies Full Album: https:\/\/www.youtube.com\/watch?v=BoE_yX_CH3k&t=57s","rel":"","context":"\u00c4hnlicher Beitrag","block_context":{"text":"\u00c4hnlicher Beitrag","link":""},"img":{"alt_text":"","src":"https:\/\/i0.wp.com\/wolfmond-production.de\/shop\/wp-content\/uploads\/shop_media\/music\/cd_lp\/klein-17.jpg?fit=1200%2C1200&ssl=1&resize=350%2C200","width":350,"height":200,"srcset":"https:\/\/i0.wp.com\/wolfmond-production.de\/shop\/wp-content\/uploads\/shop_media\/music\/cd_lp\/klein-17.jpg?fit=1200%2C1200&ssl=1&resize=350%2C200 1x, https:\/\/i0.wp.com\/wolfmond-production.de\/shop\/wp-content\/uploads\/shop_media\/music\/cd_lp\/klein-17.jpg?fit=1200%2C1200&ssl=1&resize=525%2C300 1.5x, https:\/\/i0.wp.com\/wolfmond-production.de\/shop\/wp-content\/uploads\/shop_media\/music\/cd_lp\/klein-17.jpg?fit=1200%2C1200&ssl=1&resize=700%2C400 2x, https:\/\/i0.wp.com\/wolfmond-production.de\/shop\/wp-content\/uploads\/shop_media\/music\/cd_lp\/klein-17.jpg?fit=1200%2C1200&ssl=1&resize=1050%2C600 3x"},"classes":[]},{"id":950,"url":"https:\/\/wolfmond-production.de\/shop\/produkt\/deviator-antiquus-scriptum-once-they-claimed-the-old-throne-of-evropa-once-they-fought\/","url_meta":{"origin":968,"position":5},"title":"Deviator- Antiquus Scriptum &#8211; &#8230; Once, They Claimed The Old Throne Of Evropa&#8230; Once, They Fought","author":"F4uSR_285","date":"1. Juli 2021","format":false,"excerpt":"Deviator - Black\/Death From Ukraine Antiquus Scriptum - Black\/Viking Metal, Ambient From Portugal CDr Limited To 300 Copies Full Split: https:\/\/www.youtube.com\/watch?v=KbCccm19IZA&t=6s","rel":"","context":"\u00c4hnlicher Beitrag","block_context":{"text":"\u00c4hnlicher Beitrag","link":""},"img":{"alt_text":"","src":"https:\/\/i0.wp.com\/wolfmond-production.de\/shop\/wp-content\/uploads\/2021\/07\/d53872b7-871f-4b1b-962c-6fbc01b953fd.png?fit=1200%2C800&ssl=1&resize=350%2C200","width":350,"height":200,"srcset":"https:\/\/i0.wp.com\/wolfmond-production.de\/shop\/wp-content\/uploads\/2021\/07\/d53872b7-871f-4b1b-962c-6fbc01b953fd.png?fit=1200%2C800&ssl=1&resize=350%2C200 1x, https:\/\/i0.wp.com\/wolfmond-production.de\/shop\/wp-content\/uploads\/2021\/07\/d53872b7-871f-4b1b-962c-6fbc01b953fd.png?fit=1200%2C800&ssl=1&resize=525%2C300 1.5x, https:\/\/i0.wp.com\/wolfmond-production.de\/shop\/wp-content\/uploads\/2021\/07\/d53872b7-871f-4b1b-962c-6fbc01b953fd.png?fit=1200%2C800&ssl=1&resize=700%2C400 2x, https:\/\/i0.wp.com\/wolfmond-production.de\/shop\/wp-content\/uploads\/2021\/07\/d53872b7-871f-4b1b-962c-6fbc01b953fd.png?fit=1200%2C800&ssl=1&resize=1050%2C600 3x"},"classes":[]}],"jetpack_sharing_enabled":true,"_links":{"self":[{"href":"https:\/\/wolfmond-production.de\/shop\/wp-json\/wp\/v2\/product\/968","targetHints":{"allow":["GET"]}}],"collection":[{"href":"https:\/\/wolfmond-production.de\/shop\/wp-json\/wp\/v2\/product"}],"about":[{"href":"https:\/\/wolfmond-production.de\/shop\/wp-json\/wp\/v2\/types\/product"}],"replies":[{"embeddable":true,"href":"https:\/\/wolfmond-production.de\/shop\/wp-json\/wp\/v2\/comments?post=968"}],"version-history":[{"count":1,"href":"https:\/\/wolfmond-production.de\/shop\/wp-json\/wp\/v2\/product\/968\/revisions"}],"predecessor-version":[{"id":8842,"href":"https:\/\/wolfmond-production.de\/shop\/wp-json\/wp\/v2\/product\/968\/revisions\/8842"}],"wp:featuredmedia":[{"embeddable":true,"href":"https:\/\/wolfmond-production.de\/shop\/wp-json\/wp\/v2\/media\/8841"}],"wp:attachment":[{"href":"https:\/\/wolfmond-production.de\/shop\/wp-json\/wp\/v2\/media?parent=968"}],"wp:term":[{"taxonomy":"product_brand","embeddable":true,"href":"https:\/\/wolfmond-production.de\/shop\/wp-json\/wp\/v2\/product_brand?post=968"},{"taxonomy":"product_cat","embeddable":true,"href":"https:\/\/wolfmond-production.de\/shop\/wp-json\/wp\/v2\/product_cat?post=968"},{"taxonomy":"product_tag","embeddable":true,"href":"https:\/\/wolfmond-production.de\/shop\/wp-json\/wp\/v2\/product_tag?post=968"}],"curies":[{"name":"wp","href":"https:\/\/api.w.org\/{rel}","templated":true}]}}